{"id":528,"date":"2016-06-15T19:03:05","date_gmt":"2016-06-15T19:03:05","guid":{"rendered":"http:\/\/www.aleupa.com\/?post_type=product&#038;p=528"},"modified":"2020-11-16T13:21:28","modified_gmt":"2020-11-16T13:21:28","slug":"tijera-de-unas-xl","status":"publish","type":"product","link":"https:\/\/aleupa.com\/?product=tijera-de-unas-xl","title":{"rendered":"Tijera de u\u00f1as XL"},"content":{"rendered":"<p style=\"text-align: justify\">El dise\u00f1o especial de esta tijera, permite que personas con limitaciones en la movilidad o debilidad en las manos o dedos, puedan acceder a cortarse las u\u00f1as de los pies m\u00e1s f\u00e1cilmente.<\/p>\n<p style=\"text-align: justify\">Largos brazos, fabricados en acero inoxidable y \u00a0amplias aberturas, que facilitan el agarre, proporcionan un eficaz efecto palanca que facilita la tarea.<\/p>\n<p style=\"text-align: justify\">Se obtienen mejores resultados si se utiliza esta tijera despu\u00e9s de un ba\u00f1o con agua caliente que reblandece las u\u00f1as.<\/p>\n<p>&nbsp;<\/p>\n<p><img decoding=\"async\" src=\"https:\/\/vitility.com\/wp-content\/uploads\/2016\/01\/Logo_Vitility-Retail_Zwart.png\" alt=\"VITILITY\" \/><\/p>\n","protected":false},"excerpt":{"rendered":"<p>El dise\u00f1o especial de esta tijera, permite que personas con limitaciones en la movilidad o debilidad en las manos o dedos, puedan acceder a cortarse las u\u00f1as de los pies m\u00e1s f\u00e1cilmente. Largos brazos, fabricados en acero inoxidable y \u00a0amplias aberturas, que facilitan el agarre, proporcionan un eficaz efecto palanca que facilita la tarea. Se [&hellip;]<\/p>\n","protected":false},"featured_media":529,"comment_status":"open","ping_status":"closed","template":"","meta":{"_et_pb_use_builder":"","_et_pb_old_content":"","_et_gb_content_width":""},"product_brand":[],"product_cat":[125],"product_tag":[140],"class_list":{"0":"post-528","1":"product","2":"type-product","3":"status-publish","4":"has-post-thumbnail","6":"product_cat-accesorios","7":"product_tag-accesorio-aseo-personal","9":"first","10":"instock","11":"shipping-taxable","12":"purchasable","13":"product-type-simple"},"yoast_head":"<!-- This site is optimized with the Yoast SEO plugin v26.2 - https:\/\/yoast.com\/wordpress\/plugins\/seo\/ -->\n<title>Tijera de u\u00f1as XL - Ortopedia Aleupa<\/title>\n<meta name=\"robots\" content=\"index, follow, max-snippet:-1, max-image-preview:large, max-video-preview:-1\" \/>\n<link rel=\"canonical\" href=\"https:\/\/aleupa.com\/?product=tijera-de-unas-xl\" \/>\n<meta property=\"og:locale\" content=\"es_ES\" \/>\n<meta property=\"og:type\" content=\"article\" \/>\n<meta property=\"og:title\" content=\"Tijera de u\u00f1as XL - Ortopedia Aleupa\" \/>\n<meta property=\"og:description\" content=\"El dise\u00f1o especial de esta tijera, permite que personas con limitaciones en la movilidad o debilidad en las manos o dedos, puedan acceder a cortarse las u\u00f1as de los pies m\u00e1s f\u00e1cilmente. Largos brazos, fabricados en acero inoxidable y \u00a0amplias aberturas, que facilitan el agarre, proporcionan un eficaz efecto palanca que facilita la tarea. Se [&hellip;]\" \/>\n<meta property=\"og:url\" content=\"https:\/\/aleupa.com\/?product=tijera-de-unas-xl\" \/>\n<meta property=\"og:site_name\" content=\"Ortopedia Aleupa\" \/>\n<meta property=\"article:modified_time\" content=\"2020-11-16T13:21:28+00:00\" \/>\n<meta property=\"og:image\" content=\"https:\/\/aleupa.com\/wp-content\/uploads\/2016\/06\/TIJERA-DE-U\u00d1AS-XL1-e1498073172495.jpg\" \/>\n\t<meta property=\"og:image:width\" content=\"500\" \/>\n\t<meta property=\"og:image:height\" content=\"500\" \/>\n\t<meta property=\"og:image:type\" content=\"image\/jpeg\" \/>\n<meta name=\"twitter:card\" content=\"summary_large_image\" \/>\n<script type=\"application\/ld+json\" class=\"yoast-schema-graph\">{\"@context\":\"https:\/\/schema.org\",\"@graph\":[{\"@type\":\"WebPage\",\"@id\":\"https:\/\/aleupa.com\/?product=tijera-de-unas-xl\",\"url\":\"https:\/\/aleupa.com\/?product=tijera-de-unas-xl\",\"name\":\"Tijera de u\u00f1as XL - Ortopedia Aleupa\",\"isPartOf\":{\"@id\":\"https:\/\/aleupa.com\/#website\"},\"primaryImageOfPage\":{\"@id\":\"https:\/\/aleupa.com\/?product=tijera-de-unas-xl#primaryimage\"},\"image\":{\"@id\":\"https:\/\/aleupa.com\/?product=tijera-de-unas-xl#primaryimage\"},\"thumbnailUrl\":\"https:\/\/aleupa.com\/wp-content\/uploads\/2016\/06\/TIJERA-DE-U\u00d1AS-XL1-e1498073172495.jpg\",\"datePublished\":\"2016-06-15T19:03:05+00:00\",\"dateModified\":\"2020-11-16T13:21:28+00:00\",\"breadcrumb\":{\"@id\":\"https:\/\/aleupa.com\/?product=tijera-de-unas-xl#breadcrumb\"},\"inLanguage\":\"es\",\"potentialAction\":[{\"@type\":\"ReadAction\",\"target\":[\"https:\/\/aleupa.com\/?product=tijera-de-unas-xl\"]}]},{\"@type\":\"ImageObject\",\"inLanguage\":\"es\",\"@id\":\"https:\/\/aleupa.com\/?product=tijera-de-unas-xl#primaryimage\",\"url\":\"https:\/\/aleupa.com\/wp-content\/uploads\/2016\/06\/TIJERA-DE-U\u00d1AS-XL1-e1498073172495.jpg\",\"contentUrl\":\"https:\/\/aleupa.com\/wp-content\/uploads\/2016\/06\/TIJERA-DE-U\u00d1AS-XL1-e1498073172495.jpg\",\"width\":500,\"height\":500},{\"@type\":\"BreadcrumbList\",\"@id\":\"https:\/\/aleupa.com\/?product=tijera-de-unas-xl#breadcrumb\",\"itemListElement\":[{\"@type\":\"ListItem\",\"position\":1,\"name\":\"Portada\",\"item\":\"https:\/\/aleupa.com\/\"},{\"@type\":\"ListItem\",\"position\":2,\"name\":\"Tienda\",\"item\":\"https:\/\/aleupa.com\/?page_id=802\"},{\"@type\":\"ListItem\",\"position\":3,\"name\":\"Tijera de u\u00f1as XL\"}]},{\"@type\":\"WebSite\",\"@id\":\"https:\/\/aleupa.com\/#website\",\"url\":\"https:\/\/aleupa.com\/\",\"name\":\"Ortopedia Aleupa\",\"description\":\"Ayudas a la dependencia\",\"alternateName\":\"Ortopedia en Puerto de la Cruz, Tenerife\",\"potentialAction\":[{\"@type\":\"SearchAction\",\"target\":{\"@type\":\"EntryPoint\",\"urlTemplate\":\"https:\/\/aleupa.com\/?s={search_term_string}\"},\"query-input\":{\"@type\":\"PropertyValueSpecification\",\"valueRequired\":true,\"valueName\":\"search_term_string\"}}],\"inLanguage\":\"es\"}]}<\/script>\n<!-- \/ Yoast SEO plugin. -->","yoast_head_json":{"title":"Tijera de u\u00f1as XL - Ortopedia Aleupa","robots":{"index":"index","follow":"follow","max-snippet":"max-snippet:-1","max-image-preview":"max-image-preview:large","max-video-preview":"max-video-preview:-1"},"canonical":"https:\/\/aleupa.com\/?product=tijera-de-unas-xl","og_locale":"es_ES","og_type":"article","og_title":"Tijera de u\u00f1as XL - Ortopedia Aleupa","og_description":"El dise\u00f1o especial de esta tijera, permite que personas con limitaciones en la movilidad o debilidad en las manos o dedos, puedan acceder a cortarse las u\u00f1as de los pies m\u00e1s f\u00e1cilmente. Largos brazos, fabricados en acero inoxidable y \u00a0amplias aberturas, que facilitan el agarre, proporcionan un eficaz efecto palanca que facilita la tarea. Se [&hellip;]","og_url":"https:\/\/aleupa.com\/?product=tijera-de-unas-xl","og_site_name":"Ortopedia Aleupa","article_modified_time":"2020-11-16T13:21:28+00:00","og_image":[{"width":500,"height":500,"url":"https:\/\/aleupa.com\/wp-content\/uploads\/2016\/06\/TIJERA-DE-U\u00d1AS-XL1-e1498073172495.jpg","type":"image\/jpeg"}],"twitter_card":"summary_large_image","schema":{"@context":"https:\/\/schema.org","@graph":[{"@type":"WebPage","@id":"https:\/\/aleupa.com\/?product=tijera-de-unas-xl","url":"https:\/\/aleupa.com\/?product=tijera-de-unas-xl","name":"Tijera de u\u00f1as XL - Ortopedia Aleupa","isPartOf":{"@id":"https:\/\/aleupa.com\/#website"},"primaryImageOfPage":{"@id":"https:\/\/aleupa.com\/?product=tijera-de-unas-xl#primaryimage"},"image":{"@id":"https:\/\/aleupa.com\/?product=tijera-de-unas-xl#primaryimage"},"thumbnailUrl":"https:\/\/aleupa.com\/wp-content\/uploads\/2016\/06\/TIJERA-DE-U\u00d1AS-XL1-e1498073172495.jpg","datePublished":"2016-06-15T19:03:05+00:00","dateModified":"2020-11-16T13:21:28+00:00","breadcrumb":{"@id":"https:\/\/aleupa.com\/?product=tijera-de-unas-xl#breadcrumb"},"inLanguage":"es","potentialAction":[{"@type":"ReadAction","target":["https:\/\/aleupa.com\/?product=tijera-de-unas-xl"]}]},{"@type":"ImageObject","inLanguage":"es","@id":"https:\/\/aleupa.com\/?product=tijera-de-unas-xl#primaryimage","url":"https:\/\/aleupa.com\/wp-content\/uploads\/2016\/06\/TIJERA-DE-U\u00d1AS-XL1-e1498073172495.jpg","contentUrl":"https:\/\/aleupa.com\/wp-content\/uploads\/2016\/06\/TIJERA-DE-U\u00d1AS-XL1-e1498073172495.jpg","width":500,"height":500},{"@type":"BreadcrumbList","@id":"https:\/\/aleupa.com\/?product=tijera-de-unas-xl#breadcrumb","itemListElement":[{"@type":"ListItem","position":1,"name":"Portada","item":"https:\/\/aleupa.com\/"},{"@type":"ListItem","position":2,"name":"Tienda","item":"https:\/\/aleupa.com\/?page_id=802"},{"@type":"ListItem","position":3,"name":"Tijera de u\u00f1as XL"}]},{"@type":"WebSite","@id":"https:\/\/aleupa.com\/#website","url":"https:\/\/aleupa.com\/","name":"Ortopedia Aleupa","description":"Ayudas a la dependencia","alternateName":"Ortopedia en Puerto de la Cruz, Tenerife","potentialAction":[{"@type":"SearchAction","target":{"@type":"EntryPoint","urlTemplate":"https:\/\/aleupa.com\/?s={search_term_string}"},"query-input":{"@type":"PropertyValueSpecification","valueRequired":true,"valueName":"search_term_string"}}],"inLanguage":"es"}]}},"_links":{"self":[{"href":"https:\/\/aleupa.com\/index.php?rest_route=\/wp\/v2\/product\/528","targetHints":{"allow":["GET"]}}],"collection":[{"href":"https:\/\/aleupa.com\/index.php?rest_route=\/wp\/v2\/product"}],"about":[{"href":"https:\/\/aleupa.com\/index.php?rest_route=\/wp\/v2\/types\/product"}],"replies":[{"embeddable":true,"href":"https:\/\/aleupa.com\/index.php?rest_route=%2Fwp%2Fv2%2Fcomments&post=528"}],"wp:featuredmedia":[{"embeddable":true,"href":"https:\/\/aleupa.com\/index.php?rest_route=\/wp\/v2\/media\/529"}],"wp:attachment":[{"href":"https:\/\/aleupa.com\/index.php?rest_route=%2Fwp%2Fv2%2Fmedia&parent=528"}],"wp:term":[{"taxonomy":"product_brand","embeddable":true,"href":"https:\/\/aleupa.com\/index.php?rest_route=%2Fwp%2Fv2%2Fproduct_brand&post=528"},{"taxonomy":"product_cat","embeddable":true,"href":"https:\/\/aleupa.com\/index.php?rest_route=%2Fwp%2Fv2%2Fproduct_cat&post=528"},{"taxonomy":"product_tag","embeddable":true,"href":"https:\/\/aleupa.com\/index.php?rest_route=%2Fwp%2Fv2%2Fproduct_tag&post=528"}],"curies":[{"name":"wp","href":"https:\/\/api.w.org\/{rel}","templated":true}]}}