{"id":535,"date":"2016-06-16T13:00:06","date_gmt":"2016-06-16T13:00:06","guid":{"rendered":"http:\/\/www.aleupa.com\/?post_type=product&#038;p=535"},"modified":"2020-11-16T13:20:46","modified_gmt":"2020-11-16T13:20:46","slug":"lima-de-unas-con-ventosas","status":"publish","type":"product","link":"https:\/\/aleupa.com\/?product=lima-de-unas-con-ventosas","title":{"rendered":"Lima de u\u00f1as con ventosas"},"content":{"rendered":"<p style=\"text-align: justify\">Lima de u\u00f1as dise\u00f1ada para que pueda ser utilizado por personas que\u00a0tienen dificultades de movilidad y agarre con sus manos o\u00a0s\u00f3lo pueden utilizar una de ellas (amputados, hemipl\u00e9jicos&#8230;).<\/p>\n<p style=\"text-align: justify\">Puede fijarse firmemente al lavabo o a la encimera por medio de dos ventosas. \u00a0De esta manera no es necesario sujetar la lima con la mano. Provista de dos limas de distinto grosor que quedan dispuestas hacia arriba. \u00a0Para pulir las u\u00f1as basta s\u00f3lo deslizarlas \u00abva y ven\u00bb primero por la superficie que tiene la lima gruesa y despu\u00e9s, para perfeccionar con la lima m\u00e1s fina.<\/p>\n<p><img decoding=\"async\" src=\"https:\/\/vitility.com\/wp-content\/uploads\/2016\/01\/Logo_Vitility-Retail_Zwart.png\" alt=\"VITILITY\" \/><\/p>\n","protected":false},"excerpt":{"rendered":"<p>Lima de u\u00f1as dise\u00f1ada para que pueda ser utilizado por personas que\u00a0tienen dificultades de movilidad y agarre con sus manos o\u00a0s\u00f3lo pueden utilizar una de ellas (amputados, hemipl\u00e9jicos&#8230;). Puede fijarse firmemente al lavabo o a la encimera por medio de dos ventosas. \u00a0De esta manera no es necesario sujetar la lima con la mano. Provista [&hellip;]<\/p>\n","protected":false},"featured_media":537,"comment_status":"open","ping_status":"closed","template":"","meta":{"_et_pb_use_builder":"","_et_pb_old_content":"","_et_gb_content_width":""},"product_brand":[],"product_cat":[125],"product_tag":[],"class_list":{"0":"post-535","1":"product","2":"type-product","3":"status-publish","4":"has-post-thumbnail","6":"product_cat-accesorios","8":"first","9":"instock","10":"shipping-taxable","11":"purchasable","12":"product-type-simple"},"yoast_head":"<!-- This site is optimized with the Yoast SEO plugin v26.2 - https:\/\/yoast.com\/wordpress\/plugins\/seo\/ -->\n<title>Lima de u\u00f1as con ventosas - Ortopedia Aleupa<\/title>\n<meta name=\"robots\" content=\"index, follow, max-snippet:-1, max-image-preview:large, max-video-preview:-1\" \/>\n<link rel=\"canonical\" href=\"https:\/\/aleupa.com\/?product=lima-de-unas-con-ventosas\" \/>\n<meta property=\"og:locale\" content=\"es_ES\" \/>\n<meta property=\"og:type\" content=\"article\" \/>\n<meta property=\"og:title\" content=\"Lima de u\u00f1as con ventosas - Ortopedia Aleupa\" \/>\n<meta property=\"og:description\" content=\"Lima de u\u00f1as dise\u00f1ada para que pueda ser utilizado por personas que\u00a0tienen dificultades de movilidad y agarre con sus manos o\u00a0s\u00f3lo pueden utilizar una de ellas (amputados, hemipl\u00e9jicos&#8230;). Puede fijarse firmemente al lavabo o a la encimera por medio de dos ventosas. \u00a0De esta manera no es necesario sujetar la lima con la mano. Provista [&hellip;]\" \/>\n<meta property=\"og:url\" content=\"https:\/\/aleupa.com\/?product=lima-de-unas-con-ventosas\" \/>\n<meta property=\"og:site_name\" content=\"Ortopedia Aleupa\" \/>\n<meta property=\"article:modified_time\" content=\"2020-11-16T13:20:46+00:00\" \/>\n<meta property=\"og:image\" content=\"https:\/\/aleupa.com\/wp-content\/uploads\/2016\/06\/lima-u\u00f1as-con-ventosas-e1498073309362.jpg\" \/>\n\t<meta property=\"og:image:width\" content=\"500\" \/>\n\t<meta property=\"og:image:height\" content=\"500\" \/>\n\t<meta property=\"og:image:type\" content=\"image\/jpeg\" \/>\n<meta name=\"twitter:card\" content=\"summary_large_image\" \/>\n<meta name=\"twitter:label1\" content=\"Tiempo de lectura\" \/>\n\t<meta name=\"twitter:data1\" content=\"1 minuto\" \/>\n<script type=\"application\/ld+json\" class=\"yoast-schema-graph\">{\"@context\":\"https:\/\/schema.org\",\"@graph\":[{\"@type\":\"WebPage\",\"@id\":\"https:\/\/aleupa.com\/?product=lima-de-unas-con-ventosas\",\"url\":\"https:\/\/aleupa.com\/?product=lima-de-unas-con-ventosas\",\"name\":\"Lima de u\u00f1as con ventosas - Ortopedia Aleupa\",\"isPartOf\":{\"@id\":\"https:\/\/aleupa.com\/#website\"},\"primaryImageOfPage\":{\"@id\":\"https:\/\/aleupa.com\/?product=lima-de-unas-con-ventosas#primaryimage\"},\"image\":{\"@id\":\"https:\/\/aleupa.com\/?product=lima-de-unas-con-ventosas#primaryimage\"},\"thumbnailUrl\":\"https:\/\/aleupa.com\/wp-content\/uploads\/2016\/06\/lima-u\u00f1as-con-ventosas-e1498073309362.jpg\",\"datePublished\":\"2016-06-16T13:00:06+00:00\",\"dateModified\":\"2020-11-16T13:20:46+00:00\",\"breadcrumb\":{\"@id\":\"https:\/\/aleupa.com\/?product=lima-de-unas-con-ventosas#breadcrumb\"},\"inLanguage\":\"es\",\"potentialAction\":[{\"@type\":\"ReadAction\",\"target\":[\"https:\/\/aleupa.com\/?product=lima-de-unas-con-ventosas\"]}]},{\"@type\":\"ImageObject\",\"inLanguage\":\"es\",\"@id\":\"https:\/\/aleupa.com\/?product=lima-de-unas-con-ventosas#primaryimage\",\"url\":\"https:\/\/aleupa.com\/wp-content\/uploads\/2016\/06\/lima-u\u00f1as-con-ventosas-e1498073309362.jpg\",\"contentUrl\":\"https:\/\/aleupa.com\/wp-content\/uploads\/2016\/06\/lima-u\u00f1as-con-ventosas-e1498073309362.jpg\",\"width\":500,\"height\":500},{\"@type\":\"BreadcrumbList\",\"@id\":\"https:\/\/aleupa.com\/?product=lima-de-unas-con-ventosas#breadcrumb\",\"itemListElement\":[{\"@type\":\"ListItem\",\"position\":1,\"name\":\"Portada\",\"item\":\"https:\/\/aleupa.com\/\"},{\"@type\":\"ListItem\",\"position\":2,\"name\":\"Tienda\",\"item\":\"https:\/\/aleupa.com\/?page_id=802\"},{\"@type\":\"ListItem\",\"position\":3,\"name\":\"Lima de u\u00f1as con ventosas\"}]},{\"@type\":\"WebSite\",\"@id\":\"https:\/\/aleupa.com\/#website\",\"url\":\"https:\/\/aleupa.com\/\",\"name\":\"Ortopedia Aleupa\",\"description\":\"Ayudas a la dependencia\",\"alternateName\":\"Ortopedia en Puerto de la Cruz, Tenerife\",\"potentialAction\":[{\"@type\":\"SearchAction\",\"target\":{\"@type\":\"EntryPoint\",\"urlTemplate\":\"https:\/\/aleupa.com\/?s={search_term_string}\"},\"query-input\":{\"@type\":\"PropertyValueSpecification\",\"valueRequired\":true,\"valueName\":\"search_term_string\"}}],\"inLanguage\":\"es\"}]}<\/script>\n<!-- \/ Yoast SEO plugin. -->","yoast_head_json":{"title":"Lima de u\u00f1as con ventosas - Ortopedia Aleupa","robots":{"index":"index","follow":"follow","max-snippet":"max-snippet:-1","max-image-preview":"max-image-preview:large","max-video-preview":"max-video-preview:-1"},"canonical":"https:\/\/aleupa.com\/?product=lima-de-unas-con-ventosas","og_locale":"es_ES","og_type":"article","og_title":"Lima de u\u00f1as con ventosas - Ortopedia Aleupa","og_description":"Lima de u\u00f1as dise\u00f1ada para que pueda ser utilizado por personas que\u00a0tienen dificultades de movilidad y agarre con sus manos o\u00a0s\u00f3lo pueden utilizar una de ellas (amputados, hemipl\u00e9jicos&#8230;). Puede fijarse firmemente al lavabo o a la encimera por medio de dos ventosas. \u00a0De esta manera no es necesario sujetar la lima con la mano. Provista [&hellip;]","og_url":"https:\/\/aleupa.com\/?product=lima-de-unas-con-ventosas","og_site_name":"Ortopedia Aleupa","article_modified_time":"2020-11-16T13:20:46+00:00","og_image":[{"width":500,"height":500,"url":"https:\/\/aleupa.com\/wp-content\/uploads\/2016\/06\/lima-u\u00f1as-con-ventosas-e1498073309362.jpg","type":"image\/jpeg"}],"twitter_card":"summary_large_image","twitter_misc":{"Tiempo de lectura":"1 minuto"},"schema":{"@context":"https:\/\/schema.org","@graph":[{"@type":"WebPage","@id":"https:\/\/aleupa.com\/?product=lima-de-unas-con-ventosas","url":"https:\/\/aleupa.com\/?product=lima-de-unas-con-ventosas","name":"Lima de u\u00f1as con ventosas - Ortopedia Aleupa","isPartOf":{"@id":"https:\/\/aleupa.com\/#website"},"primaryImageOfPage":{"@id":"https:\/\/aleupa.com\/?product=lima-de-unas-con-ventosas#primaryimage"},"image":{"@id":"https:\/\/aleupa.com\/?product=lima-de-unas-con-ventosas#primaryimage"},"thumbnailUrl":"https:\/\/aleupa.com\/wp-content\/uploads\/2016\/06\/lima-u\u00f1as-con-ventosas-e1498073309362.jpg","datePublished":"2016-06-16T13:00:06+00:00","dateModified":"2020-11-16T13:20:46+00:00","breadcrumb":{"@id":"https:\/\/aleupa.com\/?product=lima-de-unas-con-ventosas#breadcrumb"},"inLanguage":"es","potentialAction":[{"@type":"ReadAction","target":["https:\/\/aleupa.com\/?product=lima-de-unas-con-ventosas"]}]},{"@type":"ImageObject","inLanguage":"es","@id":"https:\/\/aleupa.com\/?product=lima-de-unas-con-ventosas#primaryimage","url":"https:\/\/aleupa.com\/wp-content\/uploads\/2016\/06\/lima-u\u00f1as-con-ventosas-e1498073309362.jpg","contentUrl":"https:\/\/aleupa.com\/wp-content\/uploads\/2016\/06\/lima-u\u00f1as-con-ventosas-e1498073309362.jpg","width":500,"height":500},{"@type":"BreadcrumbList","@id":"https:\/\/aleupa.com\/?product=lima-de-unas-con-ventosas#breadcrumb","itemListElement":[{"@type":"ListItem","position":1,"name":"Portada","item":"https:\/\/aleupa.com\/"},{"@type":"ListItem","position":2,"name":"Tienda","item":"https:\/\/aleupa.com\/?page_id=802"},{"@type":"ListItem","position":3,"name":"Lima de u\u00f1as con ventosas"}]},{"@type":"WebSite","@id":"https:\/\/aleupa.com\/#website","url":"https:\/\/aleupa.com\/","name":"Ortopedia Aleupa","description":"Ayudas a la dependencia","alternateName":"Ortopedia en Puerto de la Cruz, Tenerife","potentialAction":[{"@type":"SearchAction","target":{"@type":"EntryPoint","urlTemplate":"https:\/\/aleupa.com\/?s={search_term_string}"},"query-input":{"@type":"PropertyValueSpecification","valueRequired":true,"valueName":"search_term_string"}}],"inLanguage":"es"}]}},"_links":{"self":[{"href":"https:\/\/aleupa.com\/index.php?rest_route=\/wp\/v2\/product\/535","targetHints":{"allow":["GET"]}}],"collection":[{"href":"https:\/\/aleupa.com\/index.php?rest_route=\/wp\/v2\/product"}],"about":[{"href":"https:\/\/aleupa.com\/index.php?rest_route=\/wp\/v2\/types\/product"}],"replies":[{"embeddable":true,"href":"https:\/\/aleupa.com\/index.php?rest_route=%2Fwp%2Fv2%2Fcomments&post=535"}],"wp:featuredmedia":[{"embeddable":true,"href":"https:\/\/aleupa.com\/index.php?rest_route=\/wp\/v2\/media\/537"}],"wp:attachment":[{"href":"https:\/\/aleupa.com\/index.php?rest_route=%2Fwp%2Fv2%2Fmedia&parent=535"}],"wp:term":[{"taxonomy":"product_brand","embeddable":true,"href":"https:\/\/aleupa.com\/index.php?rest_route=%2Fwp%2Fv2%2Fproduct_brand&post=535"},{"taxonomy":"product_cat","embeddable":true,"href":"https:\/\/aleupa.com\/index.php?rest_route=%2Fwp%2Fv2%2Fproduct_cat&post=535"},{"taxonomy":"product_tag","embeddable":true,"href":"https:\/\/aleupa.com\/index.php?rest_route=%2Fwp%2Fv2%2Fproduct_tag&post=535"}],"curies":[{"name":"wp","href":"https:\/\/api.w.org\/{rel}","templated":true}]}}