{"id":546,"date":"2016-06-17T12:33:52","date_gmt":"2016-06-17T12:33:52","guid":{"rendered":"http:\/\/www.aleupa.com\/?post_type=product&#038;p=546"},"modified":"2020-11-16T12:36:08","modified_gmt":"2020-11-16T12:36:08","slug":"lavacabezas-hinchable","status":"publish","type":"product","link":"https:\/\/aleupa.com\/?product=lavacabezas-hinchable","title":{"rendered":"Lavacabezas hinchable"},"content":{"rendered":"<p style=\"text-align: justify\">Palangana inflable, fabricada en vinilo resistente, para lavar el cabello cuando se est\u00e1 postrado en cama. \u00a0Las d\u00f3s c\u00e1maras independientes y superpuestas que componen esta ba\u00f1era pueden llenarse manualmente o mediante bomba de aire.<\/p>\n<p style=\"text-align: justify\">El tramo discontinuo de la c\u00e1mara superior permite acomodar la cabeza y hombros del paciente. \u00a0La c\u00e1mara inferior est\u00e1 provista de un tubo para drenaje para desag\u00fce.<\/p>\n","protected":false},"excerpt":{"rendered":"<p>Palangana inflable, fabricada en vinilo resistente, para lavar el cabello cuando se est\u00e1 postrado en cama. \u00a0Las d\u00f3s c\u00e1maras independientes y superpuestas que componen esta ba\u00f1era pueden llenarse manualmente o mediante bomba de aire. El tramo discontinuo de la c\u00e1mara superior permite acomodar la cabeza y hombros del paciente. \u00a0La c\u00e1mara inferior est\u00e1 provista de [&hellip;]<\/p>\n","protected":false},"featured_media":547,"comment_status":"open","ping_status":"closed","template":"","meta":{"_et_pb_use_builder":"","_et_pb_old_content":"","_et_gb_content_width":""},"product_brand":[],"product_cat":[125],"product_tag":[],"class_list":{"0":"post-546","1":"product","2":"type-product","3":"status-publish","4":"has-post-thumbnail","6":"product_cat-accesorios","8":"first","9":"instock","10":"shipping-taxable","11":"purchasable","12":"product-type-simple"},"yoast_head":"<!-- This site is optimized with the Yoast SEO plugin v26.2 - https:\/\/yoast.com\/wordpress\/plugins\/seo\/ -->\n<title>Lavacabezas hinchable - Ortopedia Aleupa<\/title>\n<meta name=\"robots\" content=\"index, follow, max-snippet:-1, max-image-preview:large, max-video-preview:-1\" \/>\n<link rel=\"canonical\" href=\"https:\/\/aleupa.com\/?product=lavacabezas-hinchable\" \/>\n<meta property=\"og:locale\" content=\"es_ES\" \/>\n<meta property=\"og:type\" content=\"article\" \/>\n<meta property=\"og:title\" content=\"Lavacabezas hinchable - Ortopedia Aleupa\" \/>\n<meta property=\"og:description\" content=\"Palangana inflable, fabricada en vinilo resistente, para lavar el cabello cuando se est\u00e1 postrado en cama. \u00a0Las d\u00f3s c\u00e1maras independientes y superpuestas que componen esta ba\u00f1era pueden llenarse manualmente o mediante bomba de aire. El tramo discontinuo de la c\u00e1mara superior permite acomodar la cabeza y hombros del paciente. \u00a0La c\u00e1mara inferior est\u00e1 provista de [&hellip;]\" \/>\n<meta property=\"og:url\" content=\"https:\/\/aleupa.com\/?product=lavacabezas-hinchable\" \/>\n<meta property=\"og:site_name\" content=\"Ortopedia Aleupa\" \/>\n<meta property=\"article:modified_time\" content=\"2020-11-16T12:36:08+00:00\" \/>\n<meta property=\"og:image\" content=\"https:\/\/aleupa.com\/wp-content\/uploads\/2016\/06\/lavacabezas-3-e1498073511412.jpg\" \/>\n\t<meta property=\"og:image:width\" content=\"500\" \/>\n\t<meta property=\"og:image:height\" content=\"500\" \/>\n\t<meta property=\"og:image:type\" content=\"image\/jpeg\" \/>\n<meta name=\"twitter:card\" content=\"summary_large_image\" \/>\n<script type=\"application\/ld+json\" class=\"yoast-schema-graph\">{\"@context\":\"https:\/\/schema.org\",\"@graph\":[{\"@type\":\"WebPage\",\"@id\":\"https:\/\/aleupa.com\/?product=lavacabezas-hinchable\",\"url\":\"https:\/\/aleupa.com\/?product=lavacabezas-hinchable\",\"name\":\"Lavacabezas hinchable - Ortopedia Aleupa\",\"isPartOf\":{\"@id\":\"https:\/\/aleupa.com\/#website\"},\"primaryImageOfPage\":{\"@id\":\"https:\/\/aleupa.com\/?product=lavacabezas-hinchable#primaryimage\"},\"image\":{\"@id\":\"https:\/\/aleupa.com\/?product=lavacabezas-hinchable#primaryimage\"},\"thumbnailUrl\":\"https:\/\/aleupa.com\/wp-content\/uploads\/2016\/06\/lavacabezas-3-e1498073511412.jpg\",\"datePublished\":\"2016-06-17T12:33:52+00:00\",\"dateModified\":\"2020-11-16T12:36:08+00:00\",\"breadcrumb\":{\"@id\":\"https:\/\/aleupa.com\/?product=lavacabezas-hinchable#breadcrumb\"},\"inLanguage\":\"es\",\"potentialAction\":[{\"@type\":\"ReadAction\",\"target\":[\"https:\/\/aleupa.com\/?product=lavacabezas-hinchable\"]}]},{\"@type\":\"ImageObject\",\"inLanguage\":\"es\",\"@id\":\"https:\/\/aleupa.com\/?product=lavacabezas-hinchable#primaryimage\",\"url\":\"https:\/\/aleupa.com\/wp-content\/uploads\/2016\/06\/lavacabezas-3-e1498073511412.jpg\",\"contentUrl\":\"https:\/\/aleupa.com\/wp-content\/uploads\/2016\/06\/lavacabezas-3-e1498073511412.jpg\",\"width\":500,\"height\":500},{\"@type\":\"BreadcrumbList\",\"@id\":\"https:\/\/aleupa.com\/?product=lavacabezas-hinchable#breadcrumb\",\"itemListElement\":[{\"@type\":\"ListItem\",\"position\":1,\"name\":\"Portada\",\"item\":\"https:\/\/aleupa.com\/\"},{\"@type\":\"ListItem\",\"position\":2,\"name\":\"Tienda\",\"item\":\"https:\/\/aleupa.com\/?page_id=802\"},{\"@type\":\"ListItem\",\"position\":3,\"name\":\"Lavacabezas hinchable\"}]},{\"@type\":\"WebSite\",\"@id\":\"https:\/\/aleupa.com\/#website\",\"url\":\"https:\/\/aleupa.com\/\",\"name\":\"Ortopedia Aleupa\",\"description\":\"Ayudas a la dependencia\",\"alternateName\":\"Ortopedia en Puerto de la Cruz, Tenerife\",\"potentialAction\":[{\"@type\":\"SearchAction\",\"target\":{\"@type\":\"EntryPoint\",\"urlTemplate\":\"https:\/\/aleupa.com\/?s={search_term_string}\"},\"query-input\":{\"@type\":\"PropertyValueSpecification\",\"valueRequired\":true,\"valueName\":\"search_term_string\"}}],\"inLanguage\":\"es\"}]}<\/script>\n<!-- \/ Yoast SEO plugin. -->","yoast_head_json":{"title":"Lavacabezas hinchable - Ortopedia Aleupa","robots":{"index":"index","follow":"follow","max-snippet":"max-snippet:-1","max-image-preview":"max-image-preview:large","max-video-preview":"max-video-preview:-1"},"canonical":"https:\/\/aleupa.com\/?product=lavacabezas-hinchable","og_locale":"es_ES","og_type":"article","og_title":"Lavacabezas hinchable - Ortopedia Aleupa","og_description":"Palangana inflable, fabricada en vinilo resistente, para lavar el cabello cuando se est\u00e1 postrado en cama. \u00a0Las d\u00f3s c\u00e1maras independientes y superpuestas que componen esta ba\u00f1era pueden llenarse manualmente o mediante bomba de aire. El tramo discontinuo de la c\u00e1mara superior permite acomodar la cabeza y hombros del paciente. \u00a0La c\u00e1mara inferior est\u00e1 provista de [&hellip;]","og_url":"https:\/\/aleupa.com\/?product=lavacabezas-hinchable","og_site_name":"Ortopedia Aleupa","article_modified_time":"2020-11-16T12:36:08+00:00","og_image":[{"width":500,"height":500,"url":"https:\/\/aleupa.com\/wp-content\/uploads\/2016\/06\/lavacabezas-3-e1498073511412.jpg","type":"image\/jpeg"}],"twitter_card":"summary_large_image","schema":{"@context":"https:\/\/schema.org","@graph":[{"@type":"WebPage","@id":"https:\/\/aleupa.com\/?product=lavacabezas-hinchable","url":"https:\/\/aleupa.com\/?product=lavacabezas-hinchable","name":"Lavacabezas hinchable - Ortopedia Aleupa","isPartOf":{"@id":"https:\/\/aleupa.com\/#website"},"primaryImageOfPage":{"@id":"https:\/\/aleupa.com\/?product=lavacabezas-hinchable#primaryimage"},"image":{"@id":"https:\/\/aleupa.com\/?product=lavacabezas-hinchable#primaryimage"},"thumbnailUrl":"https:\/\/aleupa.com\/wp-content\/uploads\/2016\/06\/lavacabezas-3-e1498073511412.jpg","datePublished":"2016-06-17T12:33:52+00:00","dateModified":"2020-11-16T12:36:08+00:00","breadcrumb":{"@id":"https:\/\/aleupa.com\/?product=lavacabezas-hinchable#breadcrumb"},"inLanguage":"es","potentialAction":[{"@type":"ReadAction","target":["https:\/\/aleupa.com\/?product=lavacabezas-hinchable"]}]},{"@type":"ImageObject","inLanguage":"es","@id":"https:\/\/aleupa.com\/?product=lavacabezas-hinchable#primaryimage","url":"https:\/\/aleupa.com\/wp-content\/uploads\/2016\/06\/lavacabezas-3-e1498073511412.jpg","contentUrl":"https:\/\/aleupa.com\/wp-content\/uploads\/2016\/06\/lavacabezas-3-e1498073511412.jpg","width":500,"height":500},{"@type":"BreadcrumbList","@id":"https:\/\/aleupa.com\/?product=lavacabezas-hinchable#breadcrumb","itemListElement":[{"@type":"ListItem","position":1,"name":"Portada","item":"https:\/\/aleupa.com\/"},{"@type":"ListItem","position":2,"name":"Tienda","item":"https:\/\/aleupa.com\/?page_id=802"},{"@type":"ListItem","position":3,"name":"Lavacabezas hinchable"}]},{"@type":"WebSite","@id":"https:\/\/aleupa.com\/#website","url":"https:\/\/aleupa.com\/","name":"Ortopedia Aleupa","description":"Ayudas a la dependencia","alternateName":"Ortopedia en Puerto de la Cruz, Tenerife","potentialAction":[{"@type":"SearchAction","target":{"@type":"EntryPoint","urlTemplate":"https:\/\/aleupa.com\/?s={search_term_string}"},"query-input":{"@type":"PropertyValueSpecification","valueRequired":true,"valueName":"search_term_string"}}],"inLanguage":"es"}]}},"_links":{"self":[{"href":"https:\/\/aleupa.com\/index.php?rest_route=\/wp\/v2\/product\/546","targetHints":{"allow":["GET"]}}],"collection":[{"href":"https:\/\/aleupa.com\/index.php?rest_route=\/wp\/v2\/product"}],"about":[{"href":"https:\/\/aleupa.com\/index.php?rest_route=\/wp\/v2\/types\/product"}],"replies":[{"embeddable":true,"href":"https:\/\/aleupa.com\/index.php?rest_route=%2Fwp%2Fv2%2Fcomments&post=546"}],"wp:featuredmedia":[{"embeddable":true,"href":"https:\/\/aleupa.com\/index.php?rest_route=\/wp\/v2\/media\/547"}],"wp:attachment":[{"href":"https:\/\/aleupa.com\/index.php?rest_route=%2Fwp%2Fv2%2Fmedia&parent=546"}],"wp:term":[{"taxonomy":"product_brand","embeddable":true,"href":"https:\/\/aleupa.com\/index.php?rest_route=%2Fwp%2Fv2%2Fproduct_brand&post=546"},{"taxonomy":"product_cat","embeddable":true,"href":"https:\/\/aleupa.com\/index.php?rest_route=%2Fwp%2Fv2%2Fproduct_cat&post=546"},{"taxonomy":"product_tag","embeddable":true,"href":"https:\/\/aleupa.com\/index.php?rest_route=%2Fwp%2Fv2%2Fproduct_tag&post=546"}],"curies":[{"name":"wp","href":"https:\/\/api.w.org\/{rel}","templated":true}]}}