{"id":553,"date":"2016-06-21T11:27:53","date_gmt":"2016-06-21T11:27:53","guid":{"rendered":"http:\/\/www.aleupa.com\/?post_type=product&#038;p=553"},"modified":"2020-11-16T12:35:51","modified_gmt":"2020-11-16T12:35:51","slug":"lavacabezas-lavacom","status":"publish","type":"product","link":"https:\/\/aleupa.com\/?product=lavacabezas-lavacom","title":{"rendered":"Lavacabezas  \u00abLavacom\u00bb"},"content":{"rendered":"<p style=\"text-align: justify\">Lavacabezas de uso dom\u00e9stico, port\u00e1til y acoplable a cualquier silla.<\/p>\n<p style=\"text-align: justify\">Fabricado en material pl\u00e1stico ultraligero pero a la vez resistente y compacto.<\/p>\n<p style=\"text-align: justify\">Consta de dos piezas, el soporte y la teja que se unen mediante un potente velcro.<\/p>\n<p style=\"text-align: justify\">Montaje en apenas 10 segundos y un desmontaje inmediato.<\/p>\n<p style=\"text-align: justify\">Su adaptaci\u00f3n al cuello y su regulaci\u00f3n de altura e inclinaci\u00f3n permite lavar la cabeza c\u00f3modamente a todos (ni\u00f1os y adultos).<\/p>\n<p style=\"text-align: justify\">Puede desaguar a un lavabo, fregadero o ba\u00f1era.<\/p>\n<p style=\"text-align: justify\">Lavacom dom\u00e9stico es f\u00e1cil de transportar utilizando la bolsa de 40 x 50 cm.,provista en el kit.<\/p>\n<p style=\"text-align: justify\">Tambi\u00e9n puede guardarse en cualquier lugar sin ocupar apenas espacio.<\/p>\n<p><img decoding=\"async\" src=\"http:\/\/www.sunrisemedical.es\/getmedia\/f7dae2e7-4626-48f2-b3bf-e0bb0a7b1910\/sunrise-logo.png.aspx?width=236&amp;height=61&amp;ext=.png\" alt=\"Sunrise Medical\" \/><\/p>\n","protected":false},"excerpt":{"rendered":"<p>Lavacabezas de uso dom\u00e9stico, port\u00e1til y acoplable a cualquier silla. Fabricado en material pl\u00e1stico ultraligero pero a la vez resistente y compacto. Consta de dos piezas, el soporte y la teja que se unen mediante un potente velcro. Montaje en apenas 10 segundos y un desmontaje inmediato. Su adaptaci\u00f3n al cuello y su regulaci\u00f3n de [&hellip;]<\/p>\n","protected":false},"featured_media":555,"comment_status":"open","ping_status":"closed","template":"","meta":{"_et_pb_use_builder":"","_et_pb_old_content":"","_et_gb_content_width":""},"product_brand":[],"product_cat":[125],"product_tag":[],"class_list":{"0":"post-553","1":"product","2":"type-product","3":"status-publish","4":"has-post-thumbnail","6":"product_cat-accesorios","8":"first","9":"instock","10":"shipping-taxable","11":"purchasable","12":"product-type-simple"},"yoast_head":"<!-- This site is optimized with the Yoast SEO plugin v26.2 - https:\/\/yoast.com\/wordpress\/plugins\/seo\/ -->\n<title>Lavacabezas &quot;Lavacom&quot; - Ortopedia Aleupa<\/title>\n<meta name=\"robots\" content=\"index, follow, max-snippet:-1, max-image-preview:large, max-video-preview:-1\" \/>\n<link rel=\"canonical\" href=\"https:\/\/aleupa.com\/?product=lavacabezas-lavacom\" \/>\n<meta property=\"og:locale\" content=\"es_ES\" \/>\n<meta property=\"og:type\" content=\"article\" \/>\n<meta property=\"og:title\" content=\"Lavacabezas &quot;Lavacom&quot; - Ortopedia Aleupa\" \/>\n<meta property=\"og:description\" content=\"Lavacabezas de uso dom\u00e9stico, port\u00e1til y acoplable a cualquier silla. Fabricado en material pl\u00e1stico ultraligero pero a la vez resistente y compacto. Consta de dos piezas, el soporte y la teja que se unen mediante un potente velcro. Montaje en apenas 10 segundos y un desmontaje inmediato. Su adaptaci\u00f3n al cuello y su regulaci\u00f3n de [&hellip;]\" \/>\n<meta property=\"og:url\" content=\"https:\/\/aleupa.com\/?product=lavacabezas-lavacom\" \/>\n<meta property=\"og:site_name\" content=\"Ortopedia Aleupa\" \/>\n<meta property=\"article:modified_time\" content=\"2020-11-16T12:35:51+00:00\" \/>\n<meta property=\"og:image\" content=\"https:\/\/aleupa.com\/wp-content\/uploads\/2016\/06\/lavacom-2-e1498073535786.jpeg\" \/>\n\t<meta property=\"og:image:width\" content=\"500\" \/>\n\t<meta property=\"og:image:height\" content=\"500\" \/>\n\t<meta property=\"og:image:type\" content=\"image\/jpeg\" \/>\n<meta name=\"twitter:card\" content=\"summary_large_image\" \/>\n<meta name=\"twitter:label1\" content=\"Tiempo de lectura\" \/>\n\t<meta name=\"twitter:data1\" content=\"1 minuto\" \/>\n<script type=\"application\/ld+json\" class=\"yoast-schema-graph\">{\"@context\":\"https:\/\/schema.org\",\"@graph\":[{\"@type\":\"WebPage\",\"@id\":\"https:\/\/aleupa.com\/?product=lavacabezas-lavacom\",\"url\":\"https:\/\/aleupa.com\/?product=lavacabezas-lavacom\",\"name\":\"Lavacabezas \\\"Lavacom\\\" - Ortopedia Aleupa\",\"isPartOf\":{\"@id\":\"https:\/\/aleupa.com\/#website\"},\"primaryImageOfPage\":{\"@id\":\"https:\/\/aleupa.com\/?product=lavacabezas-lavacom#primaryimage\"},\"image\":{\"@id\":\"https:\/\/aleupa.com\/?product=lavacabezas-lavacom#primaryimage\"},\"thumbnailUrl\":\"https:\/\/aleupa.com\/wp-content\/uploads\/2016\/06\/lavacom-2-e1498073535786.jpeg\",\"datePublished\":\"2016-06-21T11:27:53+00:00\",\"dateModified\":\"2020-11-16T12:35:51+00:00\",\"breadcrumb\":{\"@id\":\"https:\/\/aleupa.com\/?product=lavacabezas-lavacom#breadcrumb\"},\"inLanguage\":\"es\",\"potentialAction\":[{\"@type\":\"ReadAction\",\"target\":[\"https:\/\/aleupa.com\/?product=lavacabezas-lavacom\"]}]},{\"@type\":\"ImageObject\",\"inLanguage\":\"es\",\"@id\":\"https:\/\/aleupa.com\/?product=lavacabezas-lavacom#primaryimage\",\"url\":\"https:\/\/aleupa.com\/wp-content\/uploads\/2016\/06\/lavacom-2-e1498073535786.jpeg\",\"contentUrl\":\"https:\/\/aleupa.com\/wp-content\/uploads\/2016\/06\/lavacom-2-e1498073535786.jpeg\",\"width\":500,\"height\":500},{\"@type\":\"BreadcrumbList\",\"@id\":\"https:\/\/aleupa.com\/?product=lavacabezas-lavacom#breadcrumb\",\"itemListElement\":[{\"@type\":\"ListItem\",\"position\":1,\"name\":\"Portada\",\"item\":\"https:\/\/aleupa.com\/\"},{\"@type\":\"ListItem\",\"position\":2,\"name\":\"Tienda\",\"item\":\"https:\/\/aleupa.com\/?page_id=802\"},{\"@type\":\"ListItem\",\"position\":3,\"name\":\"Lavacabezas \u00abLavacom\u00bb\"}]},{\"@type\":\"WebSite\",\"@id\":\"https:\/\/aleupa.com\/#website\",\"url\":\"https:\/\/aleupa.com\/\",\"name\":\"Ortopedia Aleupa\",\"description\":\"Ayudas a la dependencia\",\"alternateName\":\"Ortopedia en Puerto de la Cruz, Tenerife\",\"potentialAction\":[{\"@type\":\"SearchAction\",\"target\":{\"@type\":\"EntryPoint\",\"urlTemplate\":\"https:\/\/aleupa.com\/?s={search_term_string}\"},\"query-input\":{\"@type\":\"PropertyValueSpecification\",\"valueRequired\":true,\"valueName\":\"search_term_string\"}}],\"inLanguage\":\"es\"}]}<\/script>\n<!-- \/ Yoast SEO plugin. -->","yoast_head_json":{"title":"Lavacabezas \"Lavacom\" - Ortopedia Aleupa","robots":{"index":"index","follow":"follow","max-snippet":"max-snippet:-1","max-image-preview":"max-image-preview:large","max-video-preview":"max-video-preview:-1"},"canonical":"https:\/\/aleupa.com\/?product=lavacabezas-lavacom","og_locale":"es_ES","og_type":"article","og_title":"Lavacabezas \"Lavacom\" - Ortopedia Aleupa","og_description":"Lavacabezas de uso dom\u00e9stico, port\u00e1til y acoplable a cualquier silla. Fabricado en material pl\u00e1stico ultraligero pero a la vez resistente y compacto. Consta de dos piezas, el soporte y la teja que se unen mediante un potente velcro. Montaje en apenas 10 segundos y un desmontaje inmediato. Su adaptaci\u00f3n al cuello y su regulaci\u00f3n de [&hellip;]","og_url":"https:\/\/aleupa.com\/?product=lavacabezas-lavacom","og_site_name":"Ortopedia Aleupa","article_modified_time":"2020-11-16T12:35:51+00:00","og_image":[{"width":500,"height":500,"url":"https:\/\/aleupa.com\/wp-content\/uploads\/2016\/06\/lavacom-2-e1498073535786.jpeg","type":"image\/jpeg"}],"twitter_card":"summary_large_image","twitter_misc":{"Tiempo de lectura":"1 minuto"},"schema":{"@context":"https:\/\/schema.org","@graph":[{"@type":"WebPage","@id":"https:\/\/aleupa.com\/?product=lavacabezas-lavacom","url":"https:\/\/aleupa.com\/?product=lavacabezas-lavacom","name":"Lavacabezas \"Lavacom\" - Ortopedia Aleupa","isPartOf":{"@id":"https:\/\/aleupa.com\/#website"},"primaryImageOfPage":{"@id":"https:\/\/aleupa.com\/?product=lavacabezas-lavacom#primaryimage"},"image":{"@id":"https:\/\/aleupa.com\/?product=lavacabezas-lavacom#primaryimage"},"thumbnailUrl":"https:\/\/aleupa.com\/wp-content\/uploads\/2016\/06\/lavacom-2-e1498073535786.jpeg","datePublished":"2016-06-21T11:27:53+00:00","dateModified":"2020-11-16T12:35:51+00:00","breadcrumb":{"@id":"https:\/\/aleupa.com\/?product=lavacabezas-lavacom#breadcrumb"},"inLanguage":"es","potentialAction":[{"@type":"ReadAction","target":["https:\/\/aleupa.com\/?product=lavacabezas-lavacom"]}]},{"@type":"ImageObject","inLanguage":"es","@id":"https:\/\/aleupa.com\/?product=lavacabezas-lavacom#primaryimage","url":"https:\/\/aleupa.com\/wp-content\/uploads\/2016\/06\/lavacom-2-e1498073535786.jpeg","contentUrl":"https:\/\/aleupa.com\/wp-content\/uploads\/2016\/06\/lavacom-2-e1498073535786.jpeg","width":500,"height":500},{"@type":"BreadcrumbList","@id":"https:\/\/aleupa.com\/?product=lavacabezas-lavacom#breadcrumb","itemListElement":[{"@type":"ListItem","position":1,"name":"Portada","item":"https:\/\/aleupa.com\/"},{"@type":"ListItem","position":2,"name":"Tienda","item":"https:\/\/aleupa.com\/?page_id=802"},{"@type":"ListItem","position":3,"name":"Lavacabezas \u00abLavacom\u00bb"}]},{"@type":"WebSite","@id":"https:\/\/aleupa.com\/#website","url":"https:\/\/aleupa.com\/","name":"Ortopedia Aleupa","description":"Ayudas a la dependencia","alternateName":"Ortopedia en Puerto de la Cruz, Tenerife","potentialAction":[{"@type":"SearchAction","target":{"@type":"EntryPoint","urlTemplate":"https:\/\/aleupa.com\/?s={search_term_string}"},"query-input":{"@type":"PropertyValueSpecification","valueRequired":true,"valueName":"search_term_string"}}],"inLanguage":"es"}]}},"_links":{"self":[{"href":"https:\/\/aleupa.com\/index.php?rest_route=\/wp\/v2\/product\/553","targetHints":{"allow":["GET"]}}],"collection":[{"href":"https:\/\/aleupa.com\/index.php?rest_route=\/wp\/v2\/product"}],"about":[{"href":"https:\/\/aleupa.com\/index.php?rest_route=\/wp\/v2\/types\/product"}],"replies":[{"embeddable":true,"href":"https:\/\/aleupa.com\/index.php?rest_route=%2Fwp%2Fv2%2Fcomments&post=553"}],"wp:featuredmedia":[{"embeddable":true,"href":"https:\/\/aleupa.com\/index.php?rest_route=\/wp\/v2\/media\/555"}],"wp:attachment":[{"href":"https:\/\/aleupa.com\/index.php?rest_route=%2Fwp%2Fv2%2Fmedia&parent=553"}],"wp:term":[{"taxonomy":"product_brand","embeddable":true,"href":"https:\/\/aleupa.com\/index.php?rest_route=%2Fwp%2Fv2%2Fproduct_brand&post=553"},{"taxonomy":"product_cat","embeddable":true,"href":"https:\/\/aleupa.com\/index.php?rest_route=%2Fwp%2Fv2%2Fproduct_cat&post=553"},{"taxonomy":"product_tag","embeddable":true,"href":"https:\/\/aleupa.com\/index.php?rest_route=%2Fwp%2Fv2%2Fproduct_tag&post=553"}],"curies":[{"name":"wp","href":"https:\/\/api.w.org\/{rel}","templated":true}]}}