{"id":559,"date":"2016-06-21T12:08:05","date_gmt":"2016-06-21T12:08:05","guid":{"rendered":"http:\/\/www.aleupa.com\/?post_type=product&#038;p=559"},"modified":"2020-11-16T12:35:42","modified_gmt":"2020-11-16T12:35:42","slug":"lavacabezas-portatil","status":"publish","type":"product","link":"https:\/\/aleupa.com\/?product=lavacabezas-portatil","title":{"rendered":"Lavacabezas port\u00e1til"},"content":{"rendered":"<p style=\"text-align: justify;\">Bandeja de pl\u00e1stico con bordes elevados, sujeci\u00f3n al cuello con tira de velcro de ida y vuelta.<\/p>\n<p style=\"text-align: justify;\">El extremo opuesto se coloca sobre el lavabo para desag\u00fce sin derrames.<\/p>\n<p><img loading=\"lazy\" decoding=\"async\" class=\"n3VNCb\" src=\"https:\/\/www.ayudasdinamicas.com\/descarga\/14\/\" alt=\"Ayudas Din\u00e1micas, una empresa dedicada al dise\u00f1o, desarrollo y distribuci\u00f3n de ayudas t\u00e9cnicas\" width=\"258\" height=\"129\" data-noaft=\"1\" \/><\/p>\n","protected":false},"excerpt":{"rendered":"<p>Lavacabezas para silla<\/p>\n","protected":false},"featured_media":560,"comment_status":"open","ping_status":"closed","template":"","meta":{"_et_pb_use_builder":"","_et_pb_old_content":"","_et_gb_content_width":""},"product_brand":[],"product_cat":[125],"product_tag":[],"class_list":{"0":"post-559","1":"product","2":"type-product","3":"status-publish","4":"has-post-thumbnail","6":"product_cat-accesorios","8":"first","9":"instock","10":"shipping-taxable","11":"purchasable","12":"product-type-simple"},"yoast_head":"<!-- This site is optimized with the Yoast SEO plugin v26.2 - https:\/\/yoast.com\/wordpress\/plugins\/seo\/ -->\n<title>Lavacabezas port\u00e1til - Ortopedia Aleupa<\/title>\n<meta name=\"robots\" content=\"index, follow, max-snippet:-1, max-image-preview:large, max-video-preview:-1\" \/>\n<link rel=\"canonical\" href=\"https:\/\/aleupa.com\/?product=lavacabezas-portatil\" \/>\n<meta property=\"og:locale\" content=\"es_ES\" \/>\n<meta property=\"og:type\" content=\"article\" \/>\n<meta property=\"og:title\" content=\"Lavacabezas port\u00e1til - Ortopedia Aleupa\" \/>\n<meta property=\"og:description\" content=\"Lavacabezas para silla\" \/>\n<meta property=\"og:url\" content=\"https:\/\/aleupa.com\/?product=lavacabezas-portatil\" \/>\n<meta property=\"og:site_name\" content=\"Ortopedia Aleupa\" \/>\n<meta property=\"article:modified_time\" content=\"2020-11-16T12:35:42+00:00\" \/>\n<meta property=\"og:image\" content=\"https:\/\/aleupa.com\/wp-content\/uploads\/2016\/06\/lavacabezas-portatil-e1466509649845.jpg\" \/>\n\t<meta property=\"og:image:width\" content=\"700\" \/>\n\t<meta property=\"og:image:height\" content=\"684\" \/>\n\t<meta property=\"og:image:type\" content=\"image\/jpeg\" \/>\n<meta name=\"twitter:card\" content=\"summary_large_image\" \/>\n<script type=\"application\/ld+json\" class=\"yoast-schema-graph\">{\"@context\":\"https:\/\/schema.org\",\"@graph\":[{\"@type\":\"WebPage\",\"@id\":\"https:\/\/aleupa.com\/?product=lavacabezas-portatil\",\"url\":\"https:\/\/aleupa.com\/?product=lavacabezas-portatil\",\"name\":\"Lavacabezas port\u00e1til - Ortopedia Aleupa\",\"isPartOf\":{\"@id\":\"https:\/\/aleupa.com\/#website\"},\"primaryImageOfPage\":{\"@id\":\"https:\/\/aleupa.com\/?product=lavacabezas-portatil#primaryimage\"},\"image\":{\"@id\":\"https:\/\/aleupa.com\/?product=lavacabezas-portatil#primaryimage\"},\"thumbnailUrl\":\"https:\/\/aleupa.com\/wp-content\/uploads\/2016\/06\/lavacabezas-portatil-e1466509649845.jpg\",\"datePublished\":\"2016-06-21T12:08:05+00:00\",\"dateModified\":\"2020-11-16T12:35:42+00:00\",\"breadcrumb\":{\"@id\":\"https:\/\/aleupa.com\/?product=lavacabezas-portatil#breadcrumb\"},\"inLanguage\":\"es\",\"potentialAction\":[{\"@type\":\"ReadAction\",\"target\":[\"https:\/\/aleupa.com\/?product=lavacabezas-portatil\"]}]},{\"@type\":\"ImageObject\",\"inLanguage\":\"es\",\"@id\":\"https:\/\/aleupa.com\/?product=lavacabezas-portatil#primaryimage\",\"url\":\"https:\/\/aleupa.com\/wp-content\/uploads\/2016\/06\/lavacabezas-portatil-e1466509649845.jpg\",\"contentUrl\":\"https:\/\/aleupa.com\/wp-content\/uploads\/2016\/06\/lavacabezas-portatil-e1466509649845.jpg\",\"width\":700,\"height\":684},{\"@type\":\"BreadcrumbList\",\"@id\":\"https:\/\/aleupa.com\/?product=lavacabezas-portatil#breadcrumb\",\"itemListElement\":[{\"@type\":\"ListItem\",\"position\":1,\"name\":\"Portada\",\"item\":\"https:\/\/aleupa.com\/\"},{\"@type\":\"ListItem\",\"position\":2,\"name\":\"Tienda\",\"item\":\"https:\/\/aleupa.com\/?page_id=802\"},{\"@type\":\"ListItem\",\"position\":3,\"name\":\"Lavacabezas port\u00e1til\"}]},{\"@type\":\"WebSite\",\"@id\":\"https:\/\/aleupa.com\/#website\",\"url\":\"https:\/\/aleupa.com\/\",\"name\":\"Ortopedia Aleupa\",\"description\":\"Ayudas a la dependencia\",\"alternateName\":\"Ortopedia en Puerto de la Cruz, Tenerife\",\"potentialAction\":[{\"@type\":\"SearchAction\",\"target\":{\"@type\":\"EntryPoint\",\"urlTemplate\":\"https:\/\/aleupa.com\/?s={search_term_string}\"},\"query-input\":{\"@type\":\"PropertyValueSpecification\",\"valueRequired\":true,\"valueName\":\"search_term_string\"}}],\"inLanguage\":\"es\"}]}<\/script>\n<!-- \/ Yoast SEO plugin. -->","yoast_head_json":{"title":"Lavacabezas port\u00e1til - Ortopedia Aleupa","robots":{"index":"index","follow":"follow","max-snippet":"max-snippet:-1","max-image-preview":"max-image-preview:large","max-video-preview":"max-video-preview:-1"},"canonical":"https:\/\/aleupa.com\/?product=lavacabezas-portatil","og_locale":"es_ES","og_type":"article","og_title":"Lavacabezas port\u00e1til - Ortopedia Aleupa","og_description":"Lavacabezas para silla","og_url":"https:\/\/aleupa.com\/?product=lavacabezas-portatil","og_site_name":"Ortopedia Aleupa","article_modified_time":"2020-11-16T12:35:42+00:00","og_image":[{"width":700,"height":684,"url":"https:\/\/aleupa.com\/wp-content\/uploads\/2016\/06\/lavacabezas-portatil-e1466509649845.jpg","type":"image\/jpeg"}],"twitter_card":"summary_large_image","schema":{"@context":"https:\/\/schema.org","@graph":[{"@type":"WebPage","@id":"https:\/\/aleupa.com\/?product=lavacabezas-portatil","url":"https:\/\/aleupa.com\/?product=lavacabezas-portatil","name":"Lavacabezas port\u00e1til - Ortopedia Aleupa","isPartOf":{"@id":"https:\/\/aleupa.com\/#website"},"primaryImageOfPage":{"@id":"https:\/\/aleupa.com\/?product=lavacabezas-portatil#primaryimage"},"image":{"@id":"https:\/\/aleupa.com\/?product=lavacabezas-portatil#primaryimage"},"thumbnailUrl":"https:\/\/aleupa.com\/wp-content\/uploads\/2016\/06\/lavacabezas-portatil-e1466509649845.jpg","datePublished":"2016-06-21T12:08:05+00:00","dateModified":"2020-11-16T12:35:42+00:00","breadcrumb":{"@id":"https:\/\/aleupa.com\/?product=lavacabezas-portatil#breadcrumb"},"inLanguage":"es","potentialAction":[{"@type":"ReadAction","target":["https:\/\/aleupa.com\/?product=lavacabezas-portatil"]}]},{"@type":"ImageObject","inLanguage":"es","@id":"https:\/\/aleupa.com\/?product=lavacabezas-portatil#primaryimage","url":"https:\/\/aleupa.com\/wp-content\/uploads\/2016\/06\/lavacabezas-portatil-e1466509649845.jpg","contentUrl":"https:\/\/aleupa.com\/wp-content\/uploads\/2016\/06\/lavacabezas-portatil-e1466509649845.jpg","width":700,"height":684},{"@type":"BreadcrumbList","@id":"https:\/\/aleupa.com\/?product=lavacabezas-portatil#breadcrumb","itemListElement":[{"@type":"ListItem","position":1,"name":"Portada","item":"https:\/\/aleupa.com\/"},{"@type":"ListItem","position":2,"name":"Tienda","item":"https:\/\/aleupa.com\/?page_id=802"},{"@type":"ListItem","position":3,"name":"Lavacabezas port\u00e1til"}]},{"@type":"WebSite","@id":"https:\/\/aleupa.com\/#website","url":"https:\/\/aleupa.com\/","name":"Ortopedia Aleupa","description":"Ayudas a la dependencia","alternateName":"Ortopedia en Puerto de la Cruz, Tenerife","potentialAction":[{"@type":"SearchAction","target":{"@type":"EntryPoint","urlTemplate":"https:\/\/aleupa.com\/?s={search_term_string}"},"query-input":{"@type":"PropertyValueSpecification","valueRequired":true,"valueName":"search_term_string"}}],"inLanguage":"es"}]}},"_links":{"self":[{"href":"https:\/\/aleupa.com\/index.php?rest_route=\/wp\/v2\/product\/559","targetHints":{"allow":["GET"]}}],"collection":[{"href":"https:\/\/aleupa.com\/index.php?rest_route=\/wp\/v2\/product"}],"about":[{"href":"https:\/\/aleupa.com\/index.php?rest_route=\/wp\/v2\/types\/product"}],"replies":[{"embeddable":true,"href":"https:\/\/aleupa.com\/index.php?rest_route=%2Fwp%2Fv2%2Fcomments&post=559"}],"wp:featuredmedia":[{"embeddable":true,"href":"https:\/\/aleupa.com\/index.php?rest_route=\/wp\/v2\/media\/560"}],"wp:attachment":[{"href":"https:\/\/aleupa.com\/index.php?rest_route=%2Fwp%2Fv2%2Fmedia&parent=559"}],"wp:term":[{"taxonomy":"product_brand","embeddable":true,"href":"https:\/\/aleupa.com\/index.php?rest_route=%2Fwp%2Fv2%2Fproduct_brand&post=559"},{"taxonomy":"product_cat","embeddable":true,"href":"https:\/\/aleupa.com\/index.php?rest_route=%2Fwp%2Fv2%2Fproduct_cat&post=559"},{"taxonomy":"product_tag","embeddable":true,"href":"https:\/\/aleupa.com\/index.php?rest_route=%2Fwp%2Fv2%2Fproduct_tag&post=559"}],"curies":[{"name":"wp","href":"https:\/\/api.w.org\/{rel}","templated":true}]}}