{"id":618,"date":"2016-06-27T18:58:16","date_gmt":"2016-06-27T18:58:16","guid":{"rendered":"http:\/\/www.aleupa.com\/?post_type=product&#038;p=618"},"modified":"2020-11-16T12:33:24","modified_gmt":"2020-11-16T12:33:24","slug":"618","status":"publish","type":"product","link":"https:\/\/aleupa.com\/?product=618","title":{"rendered":"Hidrotelial Kolagen champ\u00fa anticaspa"},"content":{"rendered":"<p>Champ\u00fa especialmente indicado para cabello graso con estados descamativos. Regula la secreci\u00f3n seb\u00e1cea, aten\u00faa la irritaci\u00f3n y favorece la eliminaci\u00f3n de las escamas del cuero cabelludo.<\/p>\n<p class=\"su-note-inner su-clearfix\"><strong>Principos\u00a0Activos: \u00a0\u00a0<\/strong>Biotina, Extracto de quillaja, Queratina y Col\u00e1geno hidrolizado, Piroctona olamina, Poliplant dermopurificante, Tiolisina Complex \u00ae.<\/p>\n<p class=\"su-note-inner su-clearfix\">\u00a0Est\u00e1 formulado con queratina que <strong>consigue fortalecer y aportar elasticidad al cabello<\/strong>,\u00a0 activos seborreguladores que controlan la secreci\u00f3n seb\u00e1cea y antif\u00fangicos que atacan al hongo <em>Pityrosporum ovale, <\/em>uno de los factores desencadenantes de la caspa.<\/p>\n<p class=\"su-note-inner su-clearfix\"><img decoding=\"async\" src=\"http:\/\/hidrotelial.com\/wp-content\/uploads\/2016\/06\/Hidrotelial-Cosmeceuticos.png\" alt=\"Resultado de imagen de HIDROTELIAL\" \/><\/p>\n","protected":false},"excerpt":{"rendered":"<p>Champ\u00fa especialmente indicado para cabello graso con estados descamativos. Regula la secreci\u00f3n seb\u00e1cea, aten\u00faa la irritaci\u00f3n y favorece la eliminaci\u00f3n de las escamas del cuero cabelludo. Principos\u00a0Activos: \u00a0\u00a0Biotina, Extracto de quillaja, Queratina y Col\u00e1geno hidrolizado, Piroctona olamina, Poliplant dermopurificante, Tiolisina Complex \u00ae. \u00a0Est\u00e1 formulado con queratina que consigue fortalecer y aportar elasticidad al cabello,\u00a0 activos [&hellip;]<\/p>\n","protected":false},"featured_media":619,"comment_status":"open","ping_status":"closed","template":"","meta":{"_et_pb_use_builder":"","_et_pb_old_content":"","_et_gb_content_width":""},"product_brand":[],"product_cat":[126],"product_tag":[],"class_list":{"0":"post-618","1":"product","2":"type-product","3":"status-publish","4":"has-post-thumbnail","6":"product_cat-dermocosmetica","8":"first","9":"instock","10":"shipping-taxable","11":"purchasable","12":"product-type-simple"},"yoast_head":"<!-- This site is optimized with the Yoast SEO plugin v26.2 - https:\/\/yoast.com\/wordpress\/plugins\/seo\/ -->\n<title>Hidrotelial Kolagen champ\u00fa anticaspa - Ortopedia Aleupa<\/title>\n<meta name=\"robots\" content=\"index, follow, max-snippet:-1, max-image-preview:large, max-video-preview:-1\" \/>\n<link rel=\"canonical\" href=\"https:\/\/aleupa.com\/?product=618\" \/>\n<meta property=\"og:locale\" content=\"es_ES\" \/>\n<meta property=\"og:type\" content=\"article\" \/>\n<meta property=\"og:title\" content=\"Hidrotelial Kolagen champ\u00fa anticaspa - Ortopedia Aleupa\" \/>\n<meta property=\"og:description\" content=\"Champ\u00fa especialmente indicado para cabello graso con estados descamativos. Regula la secreci\u00f3n seb\u00e1cea, aten\u00faa la irritaci\u00f3n y favorece la eliminaci\u00f3n de las escamas del cuero cabelludo. Principos\u00a0Activos: \u00a0\u00a0Biotina, Extracto de quillaja, Queratina y Col\u00e1geno hidrolizado, Piroctona olamina, Poliplant dermopurificante, Tiolisina Complex \u00ae. \u00a0Est\u00e1 formulado con queratina que consigue fortalecer y aportar elasticidad al cabello,\u00a0 activos [&hellip;]\" \/>\n<meta property=\"og:url\" content=\"https:\/\/aleupa.com\/?product=618\" \/>\n<meta property=\"og:site_name\" content=\"Ortopedia Aleupa\" \/>\n<meta property=\"article:modified_time\" content=\"2020-11-16T12:33:24+00:00\" \/>\n<meta property=\"og:image\" content=\"https:\/\/aleupa.com\/wp-content\/uploads\/2016\/06\/Kalogen-Champ\u00fa-seborregulador-anticaspa-cabello-graso-1.png\" \/>\n\t<meta property=\"og:image:width\" content=\"600\" \/>\n\t<meta property=\"og:image:height\" content=\"600\" \/>\n\t<meta property=\"og:image:type\" content=\"image\/png\" \/>\n<meta name=\"twitter:card\" content=\"summary_large_image\" \/>\n<script type=\"application\/ld+json\" class=\"yoast-schema-graph\">{\"@context\":\"https:\/\/schema.org\",\"@graph\":[{\"@type\":\"WebPage\",\"@id\":\"https:\/\/aleupa.com\/?product=618\",\"url\":\"https:\/\/aleupa.com\/?product=618\",\"name\":\"Hidrotelial Kolagen champ\u00fa anticaspa - Ortopedia Aleupa\",\"isPartOf\":{\"@id\":\"https:\/\/aleupa.com\/#website\"},\"primaryImageOfPage\":{\"@id\":\"https:\/\/aleupa.com\/?product=618#primaryimage\"},\"image\":{\"@id\":\"https:\/\/aleupa.com\/?product=618#primaryimage\"},\"thumbnailUrl\":\"https:\/\/aleupa.com\/wp-content\/uploads\/2016\/06\/Kalogen-Champ\u00fa-seborregulador-anticaspa-cabello-graso-1.png\",\"datePublished\":\"2016-06-27T18:58:16+00:00\",\"dateModified\":\"2020-11-16T12:33:24+00:00\",\"breadcrumb\":{\"@id\":\"https:\/\/aleupa.com\/?product=618#breadcrumb\"},\"inLanguage\":\"es\",\"potentialAction\":[{\"@type\":\"ReadAction\",\"target\":[\"https:\/\/aleupa.com\/?product=618\"]}]},{\"@type\":\"ImageObject\",\"inLanguage\":\"es\",\"@id\":\"https:\/\/aleupa.com\/?product=618#primaryimage\",\"url\":\"https:\/\/aleupa.com\/wp-content\/uploads\/2016\/06\/Kalogen-Champ\u00fa-seborregulador-anticaspa-cabello-graso-1.png\",\"contentUrl\":\"https:\/\/aleupa.com\/wp-content\/uploads\/2016\/06\/Kalogen-Champ\u00fa-seborregulador-anticaspa-cabello-graso-1.png\",\"width\":600,\"height\":600},{\"@type\":\"BreadcrumbList\",\"@id\":\"https:\/\/aleupa.com\/?product=618#breadcrumb\",\"itemListElement\":[{\"@type\":\"ListItem\",\"position\":1,\"name\":\"Portada\",\"item\":\"https:\/\/aleupa.com\/\"},{\"@type\":\"ListItem\",\"position\":2,\"name\":\"Tienda\",\"item\":\"https:\/\/aleupa.com\/?page_id=802\"},{\"@type\":\"ListItem\",\"position\":3,\"name\":\"Hidrotelial Kolagen champ\u00fa anticaspa\"}]},{\"@type\":\"WebSite\",\"@id\":\"https:\/\/aleupa.com\/#website\",\"url\":\"https:\/\/aleupa.com\/\",\"name\":\"Ortopedia Aleupa\",\"description\":\"Ayudas a la dependencia\",\"alternateName\":\"Ortopedia en Puerto de la Cruz, Tenerife\",\"potentialAction\":[{\"@type\":\"SearchAction\",\"target\":{\"@type\":\"EntryPoint\",\"urlTemplate\":\"https:\/\/aleupa.com\/?s={search_term_string}\"},\"query-input\":{\"@type\":\"PropertyValueSpecification\",\"valueRequired\":true,\"valueName\":\"search_term_string\"}}],\"inLanguage\":\"es\"}]}<\/script>\n<!-- \/ Yoast SEO plugin. -->","yoast_head_json":{"title":"Hidrotelial Kolagen champ\u00fa anticaspa - Ortopedia Aleupa","robots":{"index":"index","follow":"follow","max-snippet":"max-snippet:-1","max-image-preview":"max-image-preview:large","max-video-preview":"max-video-preview:-1"},"canonical":"https:\/\/aleupa.com\/?product=618","og_locale":"es_ES","og_type":"article","og_title":"Hidrotelial Kolagen champ\u00fa anticaspa - Ortopedia Aleupa","og_description":"Champ\u00fa especialmente indicado para cabello graso con estados descamativos. Regula la secreci\u00f3n seb\u00e1cea, aten\u00faa la irritaci\u00f3n y favorece la eliminaci\u00f3n de las escamas del cuero cabelludo. Principos\u00a0Activos: \u00a0\u00a0Biotina, Extracto de quillaja, Queratina y Col\u00e1geno hidrolizado, Piroctona olamina, Poliplant dermopurificante, Tiolisina Complex \u00ae. \u00a0Est\u00e1 formulado con queratina que consigue fortalecer y aportar elasticidad al cabello,\u00a0 activos [&hellip;]","og_url":"https:\/\/aleupa.com\/?product=618","og_site_name":"Ortopedia Aleupa","article_modified_time":"2020-11-16T12:33:24+00:00","og_image":[{"width":600,"height":600,"url":"https:\/\/aleupa.com\/wp-content\/uploads\/2016\/06\/Kalogen-Champ\u00fa-seborregulador-anticaspa-cabello-graso-1.png","type":"image\/png"}],"twitter_card":"summary_large_image","schema":{"@context":"https:\/\/schema.org","@graph":[{"@type":"WebPage","@id":"https:\/\/aleupa.com\/?product=618","url":"https:\/\/aleupa.com\/?product=618","name":"Hidrotelial Kolagen champ\u00fa anticaspa - Ortopedia Aleupa","isPartOf":{"@id":"https:\/\/aleupa.com\/#website"},"primaryImageOfPage":{"@id":"https:\/\/aleupa.com\/?product=618#primaryimage"},"image":{"@id":"https:\/\/aleupa.com\/?product=618#primaryimage"},"thumbnailUrl":"https:\/\/aleupa.com\/wp-content\/uploads\/2016\/06\/Kalogen-Champ\u00fa-seborregulador-anticaspa-cabello-graso-1.png","datePublished":"2016-06-27T18:58:16+00:00","dateModified":"2020-11-16T12:33:24+00:00","breadcrumb":{"@id":"https:\/\/aleupa.com\/?product=618#breadcrumb"},"inLanguage":"es","potentialAction":[{"@type":"ReadAction","target":["https:\/\/aleupa.com\/?product=618"]}]},{"@type":"ImageObject","inLanguage":"es","@id":"https:\/\/aleupa.com\/?product=618#primaryimage","url":"https:\/\/aleupa.com\/wp-content\/uploads\/2016\/06\/Kalogen-Champ\u00fa-seborregulador-anticaspa-cabello-graso-1.png","contentUrl":"https:\/\/aleupa.com\/wp-content\/uploads\/2016\/06\/Kalogen-Champ\u00fa-seborregulador-anticaspa-cabello-graso-1.png","width":600,"height":600},{"@type":"BreadcrumbList","@id":"https:\/\/aleupa.com\/?product=618#breadcrumb","itemListElement":[{"@type":"ListItem","position":1,"name":"Portada","item":"https:\/\/aleupa.com\/"},{"@type":"ListItem","position":2,"name":"Tienda","item":"https:\/\/aleupa.com\/?page_id=802"},{"@type":"ListItem","position":3,"name":"Hidrotelial Kolagen champ\u00fa anticaspa"}]},{"@type":"WebSite","@id":"https:\/\/aleupa.com\/#website","url":"https:\/\/aleupa.com\/","name":"Ortopedia Aleupa","description":"Ayudas a la dependencia","alternateName":"Ortopedia en Puerto de la Cruz, Tenerife","potentialAction":[{"@type":"SearchAction","target":{"@type":"EntryPoint","urlTemplate":"https:\/\/aleupa.com\/?s={search_term_string}"},"query-input":{"@type":"PropertyValueSpecification","valueRequired":true,"valueName":"search_term_string"}}],"inLanguage":"es"}]}},"_links":{"self":[{"href":"https:\/\/aleupa.com\/index.php?rest_route=\/wp\/v2\/product\/618","targetHints":{"allow":["GET"]}}],"collection":[{"href":"https:\/\/aleupa.com\/index.php?rest_route=\/wp\/v2\/product"}],"about":[{"href":"https:\/\/aleupa.com\/index.php?rest_route=\/wp\/v2\/types\/product"}],"replies":[{"embeddable":true,"href":"https:\/\/aleupa.com\/index.php?rest_route=%2Fwp%2Fv2%2Fcomments&post=618"}],"wp:featuredmedia":[{"embeddable":true,"href":"https:\/\/aleupa.com\/index.php?rest_route=\/wp\/v2\/media\/619"}],"wp:attachment":[{"href":"https:\/\/aleupa.com\/index.php?rest_route=%2Fwp%2Fv2%2Fmedia&parent=618"}],"wp:term":[{"taxonomy":"product_brand","embeddable":true,"href":"https:\/\/aleupa.com\/index.php?rest_route=%2Fwp%2Fv2%2Fproduct_brand&post=618"},{"taxonomy":"product_cat","embeddable":true,"href":"https:\/\/aleupa.com\/index.php?rest_route=%2Fwp%2Fv2%2Fproduct_cat&post=618"},{"taxonomy":"product_tag","embeddable":true,"href":"https:\/\/aleupa.com\/index.php?rest_route=%2Fwp%2Fv2%2Fproduct_tag&post=618"}],"curies":[{"name":"wp","href":"https:\/\/api.w.org\/{rel}","templated":true}]}}