{"id":685,"date":"2016-08-02T18:04:40","date_gmt":"2016-08-02T18:04:40","guid":{"rendered":"http:\/\/www.aleupa.com\/?post_type=product&#038;p=685"},"modified":"2020-11-11T18:21:16","modified_gmt":"2020-11-11T18:21:16","slug":"curva-castano-flambeado","status":"publish","type":"product","link":"https:\/\/aleupa.com\/?product=curva-castano-flambeado","title":{"rendered":"Curva casta\u00f1o flameado"},"content":{"rendered":"<p style=\"text-align: justify\"><span style=\"color: #000000\">Bast\u00f3n curvado en madera de casta\u00f1o.<\/span><\/p>\n<p style=\"text-align: justify\"><span style=\"color: #000000\"><a class=\"arial12 negreta blanc\" style=\"color: #000000\">Se dispensa en tres versiones:<\/a><\/span><\/p>\n<ul style=\"text-align: justify\">\n<li><span style=\"color: #000000\">Madera flameada.<\/span><\/li>\n<li><span style=\"color: #000000\"><a class=\"arial12 negreta blanc\" style=\"color: #000000\">Madera flameada-congo.<\/a><\/span><\/li>\n<li><span style=\"color: #000000\">Madera flameada con talla.<\/span><\/li>\n<\/ul>\n<p style=\"text-align: justify\"><span style=\"color: #000000\"><a class=\"arial12 negreta blanc\" style=\"color: #000000\">Puntera de goma<\/a><\/span><\/p>\n<p style=\"text-align: justify\"><span style=\"color: #000000\"><a class=\"arial11 gris2\" style=\"color: #000000\">\u00d8: 25 mm.<\/a> <\/span><\/p>\n<p style=\"text-align: justify\"><span style=\"color: #000000\"><a class=\"arial11 gris2\" style=\"color: #000000\">Peso: 300 gr.<\/a> <\/span><\/p>\n","protected":false},"excerpt":{"rendered":"<p>Bast\u00f3n curvado en madera de casta\u00f1o. Se dispensa en tres versiones: Madera flameada. Madera flameada-congo. Madera flameada con talla. Puntera de goma \u00d8: 25 mm. Peso: 300 gr.<\/p>\n","protected":false},"featured_media":687,"comment_status":"open","ping_status":"closed","template":"","meta":{"_et_pb_use_builder":"","_et_pb_old_content":"","_et_gb_content_width":""},"product_brand":[],"product_cat":[301],"product_tag":[142],"class_list":{"0":"post-685","1":"product","2":"type-product","3":"status-publish","4":"has-post-thumbnail","6":"product_cat-bastones","7":"product_tag-bastones","9":"first","10":"instock","11":"shipping-taxable","12":"product-type-variable"},"yoast_head":"<!-- This site is optimized with the Yoast SEO plugin v26.2 - https:\/\/yoast.com\/wordpress\/plugins\/seo\/ -->\n<title>Curva casta\u00f1o flameado - Ortopedia Aleupa<\/title>\n<meta name=\"robots\" content=\"index, follow, max-snippet:-1, max-image-preview:large, max-video-preview:-1\" \/>\n<link rel=\"canonical\" href=\"https:\/\/aleupa.com\/?product=curva-castano-flambeado\" \/>\n<meta property=\"og:locale\" content=\"es_ES\" \/>\n<meta property=\"og:type\" content=\"article\" \/>\n<meta property=\"og:title\" content=\"Curva casta\u00f1o flameado - Ortopedia Aleupa\" \/>\n<meta property=\"og:description\" content=\"Bast\u00f3n curvado en madera de casta\u00f1o. Se dispensa en tres versiones: Madera flameada. Madera flameada-congo. Madera flameada con talla. Puntera de goma \u00d8: 25 mm. Peso: 300 gr.\" \/>\n<meta property=\"og:url\" content=\"https:\/\/aleupa.com\/?product=curva-castano-flambeado\" \/>\n<meta property=\"og:site_name\" content=\"Ortopedia Aleupa\" \/>\n<meta property=\"article:modified_time\" content=\"2020-11-11T18:21:16+00:00\" \/>\n<meta property=\"og:image\" content=\"https:\/\/aleupa.com\/wp-content\/uploads\/2016\/08\/curva-flameada-congo-puntera-de-goma-e1470160141440.jpg\" \/>\n\t<meta property=\"og:image:width\" content=\"500\" \/>\n\t<meta property=\"og:image:height\" content=\"500\" \/>\n\t<meta property=\"og:image:type\" content=\"image\/jpeg\" \/>\n<meta name=\"twitter:card\" content=\"summary_large_image\" \/>\n<script type=\"application\/ld+json\" class=\"yoast-schema-graph\">{\"@context\":\"https:\/\/schema.org\",\"@graph\":[{\"@type\":\"WebPage\",\"@id\":\"https:\/\/aleupa.com\/?product=curva-castano-flambeado\",\"url\":\"https:\/\/aleupa.com\/?product=curva-castano-flambeado\",\"name\":\"Curva casta\u00f1o flameado - Ortopedia Aleupa\",\"isPartOf\":{\"@id\":\"https:\/\/aleupa.com\/#website\"},\"primaryImageOfPage\":{\"@id\":\"https:\/\/aleupa.com\/?product=curva-castano-flambeado#primaryimage\"},\"image\":{\"@id\":\"https:\/\/aleupa.com\/?product=curva-castano-flambeado#primaryimage\"},\"thumbnailUrl\":\"https:\/\/aleupa.com\/wp-content\/uploads\/2016\/08\/curva-flameada-congo-puntera-de-goma-e1470160141440.jpg\",\"datePublished\":\"2016-08-02T18:04:40+00:00\",\"dateModified\":\"2020-11-11T18:21:16+00:00\",\"breadcrumb\":{\"@id\":\"https:\/\/aleupa.com\/?product=curva-castano-flambeado#breadcrumb\"},\"inLanguage\":\"es\",\"potentialAction\":[{\"@type\":\"ReadAction\",\"target\":[\"https:\/\/aleupa.com\/?product=curva-castano-flambeado\"]}]},{\"@type\":\"ImageObject\",\"inLanguage\":\"es\",\"@id\":\"https:\/\/aleupa.com\/?product=curva-castano-flambeado#primaryimage\",\"url\":\"https:\/\/aleupa.com\/wp-content\/uploads\/2016\/08\/curva-flameada-congo-puntera-de-goma-e1470160141440.jpg\",\"contentUrl\":\"https:\/\/aleupa.com\/wp-content\/uploads\/2016\/08\/curva-flameada-congo-puntera-de-goma-e1470160141440.jpg\",\"width\":500,\"height\":500},{\"@type\":\"BreadcrumbList\",\"@id\":\"https:\/\/aleupa.com\/?product=curva-castano-flambeado#breadcrumb\",\"itemListElement\":[{\"@type\":\"ListItem\",\"position\":1,\"name\":\"Portada\",\"item\":\"https:\/\/aleupa.com\/\"},{\"@type\":\"ListItem\",\"position\":2,\"name\":\"Tienda\",\"item\":\"https:\/\/aleupa.com\/?page_id=802\"},{\"@type\":\"ListItem\",\"position\":3,\"name\":\"Curva casta\u00f1o flameado\"}]},{\"@type\":\"WebSite\",\"@id\":\"https:\/\/aleupa.com\/#website\",\"url\":\"https:\/\/aleupa.com\/\",\"name\":\"Ortopedia Aleupa\",\"description\":\"Ayudas a la dependencia\",\"alternateName\":\"Ortopedia en Puerto de la Cruz, Tenerife\",\"potentialAction\":[{\"@type\":\"SearchAction\",\"target\":{\"@type\":\"EntryPoint\",\"urlTemplate\":\"https:\/\/aleupa.com\/?s={search_term_string}\"},\"query-input\":{\"@type\":\"PropertyValueSpecification\",\"valueRequired\":true,\"valueName\":\"search_term_string\"}}],\"inLanguage\":\"es\"}]}<\/script>\n<!-- \/ Yoast SEO plugin. -->","yoast_head_json":{"title":"Curva casta\u00f1o flameado - Ortopedia Aleupa","robots":{"index":"index","follow":"follow","max-snippet":"max-snippet:-1","max-image-preview":"max-image-preview:large","max-video-preview":"max-video-preview:-1"},"canonical":"https:\/\/aleupa.com\/?product=curva-castano-flambeado","og_locale":"es_ES","og_type":"article","og_title":"Curva casta\u00f1o flameado - Ortopedia Aleupa","og_description":"Bast\u00f3n curvado en madera de casta\u00f1o. Se dispensa en tres versiones: Madera flameada. Madera flameada-congo. Madera flameada con talla. Puntera de goma \u00d8: 25 mm. Peso: 300 gr.","og_url":"https:\/\/aleupa.com\/?product=curva-castano-flambeado","og_site_name":"Ortopedia Aleupa","article_modified_time":"2020-11-11T18:21:16+00:00","og_image":[{"width":500,"height":500,"url":"https:\/\/aleupa.com\/wp-content\/uploads\/2016\/08\/curva-flameada-congo-puntera-de-goma-e1470160141440.jpg","type":"image\/jpeg"}],"twitter_card":"summary_large_image","schema":{"@context":"https:\/\/schema.org","@graph":[{"@type":"WebPage","@id":"https:\/\/aleupa.com\/?product=curva-castano-flambeado","url":"https:\/\/aleupa.com\/?product=curva-castano-flambeado","name":"Curva casta\u00f1o flameado - Ortopedia Aleupa","isPartOf":{"@id":"https:\/\/aleupa.com\/#website"},"primaryImageOfPage":{"@id":"https:\/\/aleupa.com\/?product=curva-castano-flambeado#primaryimage"},"image":{"@id":"https:\/\/aleupa.com\/?product=curva-castano-flambeado#primaryimage"},"thumbnailUrl":"https:\/\/aleupa.com\/wp-content\/uploads\/2016\/08\/curva-flameada-congo-puntera-de-goma-e1470160141440.jpg","datePublished":"2016-08-02T18:04:40+00:00","dateModified":"2020-11-11T18:21:16+00:00","breadcrumb":{"@id":"https:\/\/aleupa.com\/?product=curva-castano-flambeado#breadcrumb"},"inLanguage":"es","potentialAction":[{"@type":"ReadAction","target":["https:\/\/aleupa.com\/?product=curva-castano-flambeado"]}]},{"@type":"ImageObject","inLanguage":"es","@id":"https:\/\/aleupa.com\/?product=curva-castano-flambeado#primaryimage","url":"https:\/\/aleupa.com\/wp-content\/uploads\/2016\/08\/curva-flameada-congo-puntera-de-goma-e1470160141440.jpg","contentUrl":"https:\/\/aleupa.com\/wp-content\/uploads\/2016\/08\/curva-flameada-congo-puntera-de-goma-e1470160141440.jpg","width":500,"height":500},{"@type":"BreadcrumbList","@id":"https:\/\/aleupa.com\/?product=curva-castano-flambeado#breadcrumb","itemListElement":[{"@type":"ListItem","position":1,"name":"Portada","item":"https:\/\/aleupa.com\/"},{"@type":"ListItem","position":2,"name":"Tienda","item":"https:\/\/aleupa.com\/?page_id=802"},{"@type":"ListItem","position":3,"name":"Curva casta\u00f1o flameado"}]},{"@type":"WebSite","@id":"https:\/\/aleupa.com\/#website","url":"https:\/\/aleupa.com\/","name":"Ortopedia Aleupa","description":"Ayudas a la dependencia","alternateName":"Ortopedia en Puerto de la Cruz, Tenerife","potentialAction":[{"@type":"SearchAction","target":{"@type":"EntryPoint","urlTemplate":"https:\/\/aleupa.com\/?s={search_term_string}"},"query-input":{"@type":"PropertyValueSpecification","valueRequired":true,"valueName":"search_term_string"}}],"inLanguage":"es"}]}},"_links":{"self":[{"href":"https:\/\/aleupa.com\/index.php?rest_route=\/wp\/v2\/product\/685","targetHints":{"allow":["GET"]}}],"collection":[{"href":"https:\/\/aleupa.com\/index.php?rest_route=\/wp\/v2\/product"}],"about":[{"href":"https:\/\/aleupa.com\/index.php?rest_route=\/wp\/v2\/types\/product"}],"replies":[{"embeddable":true,"href":"https:\/\/aleupa.com\/index.php?rest_route=%2Fwp%2Fv2%2Fcomments&post=685"}],"wp:featuredmedia":[{"embeddable":true,"href":"https:\/\/aleupa.com\/index.php?rest_route=\/wp\/v2\/media\/687"}],"wp:attachment":[{"href":"https:\/\/aleupa.com\/index.php?rest_route=%2Fwp%2Fv2%2Fmedia&parent=685"}],"wp:term":[{"taxonomy":"product_brand","embeddable":true,"href":"https:\/\/aleupa.com\/index.php?rest_route=%2Fwp%2Fv2%2Fproduct_brand&post=685"},{"taxonomy":"product_cat","embeddable":true,"href":"https:\/\/aleupa.com\/index.php?rest_route=%2Fwp%2Fv2%2Fproduct_cat&post=685"},{"taxonomy":"product_tag","embeddable":true,"href":"https:\/\/aleupa.com\/index.php?rest_route=%2Fwp%2Fv2%2Fproduct_tag&post=685"}],"curies":[{"name":"wp","href":"https:\/\/api.w.org\/{rel}","templated":true}]}}