{"id":759,"date":"2016-08-05T10:59:54","date_gmt":"2016-08-05T10:59:54","guid":{"rendered":"http:\/\/www.aleupa.com\/?post_type=product&#038;p=759"},"modified":"2020-12-16T06:55:27","modified_gmt":"2020-12-16T06:55:27","slug":"muletilla-anatomica-plegable-regulable-bapr","status":"publish","type":"product","link":"https:\/\/aleupa.com\/?product=muletilla-anatomica-plegable-regulable-bapr","title":{"rendered":"Muletilla anat\u00f3mica plegable regulable, BAPR"},"content":{"rendered":"<p style=\"text-align: justify;\">Bast\u00f3n muletilla plegable y regulable en altura.<\/p>\n<p style=\"text-align: justify;\">Ca\u00f1a fabricada en aluminio de 19 mm. y lacado en negro . con 5 posiciones de regulaci\u00f3n de 80 a 92 cm.<\/p>\n<p style=\"text-align: justify;\">Plegable en cuatro tramos y se dispensa con bolsa de viaje.<\/p>\n<p style=\"text-align: justify;\">Empu\u00f1adura anat\u00f3mica disponible para mano derecha o izquieirda.<\/p>\n<p style=\"text-align: justify;\">Peso: \u00a00,375 g.<\/p>\n<p style=\"text-align: justify;\">Resistencia: \u00a0100 Kg.<\/p>\n<p><img decoding=\"async\" src=\"http:\/\/www.fortasl.es\/imagenes\/logo%20forta.png\" alt=\"logo forta\" \/><\/p>\n","protected":false},"excerpt":{"rendered":"<p>Bast\u00f3n muletilla plegable y regulable en altura. Ca\u00f1a fabricada en aluminio de 19 mm. y lacado en negro . con 5 posiciones de regulaci\u00f3n de 80 a 92 cm. Plegable en cuatro tramos y se dispensa con bolsa de viaje. Empu\u00f1adura anat\u00f3mica disponible para mano derecha o izquieirda. Peso: \u00a00,375 g. Resistencia: \u00a0100 Kg.<\/p>\n","protected":false},"featured_media":4626,"comment_status":"open","ping_status":"closed","template":"","meta":{"_et_pb_use_builder":"","_et_pb_old_content":"","_et_gb_content_width":""},"product_brand":[],"product_cat":[301],"product_tag":[142],"class_list":{"0":"post-759","1":"product","2":"type-product","3":"status-publish","4":"has-post-thumbnail","6":"product_cat-bastones","7":"product_tag-bastones","9":"first","10":"instock","11":"shipping-taxable","12":"purchasable","13":"product-type-variable"},"yoast_head":"<!-- This site is optimized with the Yoast SEO plugin v26.2 - https:\/\/yoast.com\/wordpress\/plugins\/seo\/ -->\n<title>Muletilla anat\u00f3mica plegable regulable, BAPR - Ortopedia Aleupa<\/title>\n<meta name=\"robots\" content=\"index, follow, max-snippet:-1, max-image-preview:large, max-video-preview:-1\" \/>\n<link rel=\"canonical\" href=\"https:\/\/aleupa.com\/?product=muletilla-anatomica-plegable-regulable-bapr\" \/>\n<meta property=\"og:locale\" content=\"es_ES\" \/>\n<meta property=\"og:type\" content=\"article\" \/>\n<meta property=\"og:title\" content=\"Muletilla anat\u00f3mica plegable regulable, BAPR - Ortopedia Aleupa\" \/>\n<meta property=\"og:description\" content=\"Bast\u00f3n muletilla plegable y regulable en altura. Ca\u00f1a fabricada en aluminio de 19 mm. y lacado en negro . con 5 posiciones de regulaci\u00f3n de 80 a 92 cm. Plegable en cuatro tramos y se dispensa con bolsa de viaje. Empu\u00f1adura anat\u00f3mica disponible para mano derecha o izquieirda. Peso: \u00a00,375 g. Resistencia: \u00a0100 Kg.\" \/>\n<meta property=\"og:url\" content=\"https:\/\/aleupa.com\/?product=muletilla-anatomica-plegable-regulable-bapr\" \/>\n<meta property=\"og:site_name\" content=\"Ortopedia Aleupa\" \/>\n<meta property=\"article:modified_time\" content=\"2020-12-16T06:55:27+00:00\" \/>\n<meta property=\"og:image\" content=\"https:\/\/aleupa.com\/wp-content\/uploads\/2016\/08\/bapr-grande-1.jpg\" \/>\n\t<meta property=\"og:image:width\" content=\"367\" \/>\n\t<meta property=\"og:image:height\" content=\"397\" \/>\n\t<meta property=\"og:image:type\" content=\"image\/jpeg\" \/>\n<meta name=\"twitter:card\" content=\"summary_large_image\" \/>\n<script type=\"application\/ld+json\" class=\"yoast-schema-graph\">{\"@context\":\"https:\/\/schema.org\",\"@graph\":[{\"@type\":\"WebPage\",\"@id\":\"https:\/\/aleupa.com\/?product=muletilla-anatomica-plegable-regulable-bapr\",\"url\":\"https:\/\/aleupa.com\/?product=muletilla-anatomica-plegable-regulable-bapr\",\"name\":\"Muletilla anat\u00f3mica plegable regulable, BAPR - Ortopedia Aleupa\",\"isPartOf\":{\"@id\":\"https:\/\/aleupa.com\/#website\"},\"primaryImageOfPage\":{\"@id\":\"https:\/\/aleupa.com\/?product=muletilla-anatomica-plegable-regulable-bapr#primaryimage\"},\"image\":{\"@id\":\"https:\/\/aleupa.com\/?product=muletilla-anatomica-plegable-regulable-bapr#primaryimage\"},\"thumbnailUrl\":\"https:\/\/aleupa.com\/wp-content\/uploads\/2016\/08\/bapr-grande-1.jpg\",\"datePublished\":\"2016-08-05T10:59:54+00:00\",\"dateModified\":\"2020-12-16T06:55:27+00:00\",\"breadcrumb\":{\"@id\":\"https:\/\/aleupa.com\/?product=muletilla-anatomica-plegable-regulable-bapr#breadcrumb\"},\"inLanguage\":\"es\",\"potentialAction\":[{\"@type\":\"ReadAction\",\"target\":[\"https:\/\/aleupa.com\/?product=muletilla-anatomica-plegable-regulable-bapr\"]}]},{\"@type\":\"ImageObject\",\"inLanguage\":\"es\",\"@id\":\"https:\/\/aleupa.com\/?product=muletilla-anatomica-plegable-regulable-bapr#primaryimage\",\"url\":\"https:\/\/aleupa.com\/wp-content\/uploads\/2016\/08\/bapr-grande-1.jpg\",\"contentUrl\":\"https:\/\/aleupa.com\/wp-content\/uploads\/2016\/08\/bapr-grande-1.jpg\",\"width\":367,\"height\":397,\"caption\":\"Optimized by JPEGmini 3.9.20.0L 0x2dd78a21\"},{\"@type\":\"BreadcrumbList\",\"@id\":\"https:\/\/aleupa.com\/?product=muletilla-anatomica-plegable-regulable-bapr#breadcrumb\",\"itemListElement\":[{\"@type\":\"ListItem\",\"position\":1,\"name\":\"Portada\",\"item\":\"https:\/\/aleupa.com\/\"},{\"@type\":\"ListItem\",\"position\":2,\"name\":\"Tienda\",\"item\":\"https:\/\/aleupa.com\/?page_id=802\"},{\"@type\":\"ListItem\",\"position\":3,\"name\":\"Muletilla anat\u00f3mica plegable regulable, BAPR\"}]},{\"@type\":\"WebSite\",\"@id\":\"https:\/\/aleupa.com\/#website\",\"url\":\"https:\/\/aleupa.com\/\",\"name\":\"Ortopedia Aleupa\",\"description\":\"Ayudas a la dependencia\",\"alternateName\":\"Ortopedia en Puerto de la Cruz, Tenerife\",\"potentialAction\":[{\"@type\":\"SearchAction\",\"target\":{\"@type\":\"EntryPoint\",\"urlTemplate\":\"https:\/\/aleupa.com\/?s={search_term_string}\"},\"query-input\":{\"@type\":\"PropertyValueSpecification\",\"valueRequired\":true,\"valueName\":\"search_term_string\"}}],\"inLanguage\":\"es\"}]}<\/script>\n<!-- \/ Yoast SEO plugin. -->","yoast_head_json":{"title":"Muletilla anat\u00f3mica plegable regulable, BAPR - Ortopedia Aleupa","robots":{"index":"index","follow":"follow","max-snippet":"max-snippet:-1","max-image-preview":"max-image-preview:large","max-video-preview":"max-video-preview:-1"},"canonical":"https:\/\/aleupa.com\/?product=muletilla-anatomica-plegable-regulable-bapr","og_locale":"es_ES","og_type":"article","og_title":"Muletilla anat\u00f3mica plegable regulable, BAPR - Ortopedia Aleupa","og_description":"Bast\u00f3n muletilla plegable y regulable en altura. Ca\u00f1a fabricada en aluminio de 19 mm. y lacado en negro . con 5 posiciones de regulaci\u00f3n de 80 a 92 cm. Plegable en cuatro tramos y se dispensa con bolsa de viaje. Empu\u00f1adura anat\u00f3mica disponible para mano derecha o izquieirda. Peso: \u00a00,375 g. Resistencia: \u00a0100 Kg.","og_url":"https:\/\/aleupa.com\/?product=muletilla-anatomica-plegable-regulable-bapr","og_site_name":"Ortopedia Aleupa","article_modified_time":"2020-12-16T06:55:27+00:00","og_image":[{"width":367,"height":397,"url":"https:\/\/aleupa.com\/wp-content\/uploads\/2016\/08\/bapr-grande-1.jpg","type":"image\/jpeg"}],"twitter_card":"summary_large_image","schema":{"@context":"https:\/\/schema.org","@graph":[{"@type":"WebPage","@id":"https:\/\/aleupa.com\/?product=muletilla-anatomica-plegable-regulable-bapr","url":"https:\/\/aleupa.com\/?product=muletilla-anatomica-plegable-regulable-bapr","name":"Muletilla anat\u00f3mica plegable regulable, BAPR - Ortopedia Aleupa","isPartOf":{"@id":"https:\/\/aleupa.com\/#website"},"primaryImageOfPage":{"@id":"https:\/\/aleupa.com\/?product=muletilla-anatomica-plegable-regulable-bapr#primaryimage"},"image":{"@id":"https:\/\/aleupa.com\/?product=muletilla-anatomica-plegable-regulable-bapr#primaryimage"},"thumbnailUrl":"https:\/\/aleupa.com\/wp-content\/uploads\/2016\/08\/bapr-grande-1.jpg","datePublished":"2016-08-05T10:59:54+00:00","dateModified":"2020-12-16T06:55:27+00:00","breadcrumb":{"@id":"https:\/\/aleupa.com\/?product=muletilla-anatomica-plegable-regulable-bapr#breadcrumb"},"inLanguage":"es","potentialAction":[{"@type":"ReadAction","target":["https:\/\/aleupa.com\/?product=muletilla-anatomica-plegable-regulable-bapr"]}]},{"@type":"ImageObject","inLanguage":"es","@id":"https:\/\/aleupa.com\/?product=muletilla-anatomica-plegable-regulable-bapr#primaryimage","url":"https:\/\/aleupa.com\/wp-content\/uploads\/2016\/08\/bapr-grande-1.jpg","contentUrl":"https:\/\/aleupa.com\/wp-content\/uploads\/2016\/08\/bapr-grande-1.jpg","width":367,"height":397,"caption":"Optimized by JPEGmini 3.9.20.0L 0x2dd78a21"},{"@type":"BreadcrumbList","@id":"https:\/\/aleupa.com\/?product=muletilla-anatomica-plegable-regulable-bapr#breadcrumb","itemListElement":[{"@type":"ListItem","position":1,"name":"Portada","item":"https:\/\/aleupa.com\/"},{"@type":"ListItem","position":2,"name":"Tienda","item":"https:\/\/aleupa.com\/?page_id=802"},{"@type":"ListItem","position":3,"name":"Muletilla anat\u00f3mica plegable regulable, BAPR"}]},{"@type":"WebSite","@id":"https:\/\/aleupa.com\/#website","url":"https:\/\/aleupa.com\/","name":"Ortopedia Aleupa","description":"Ayudas a la dependencia","alternateName":"Ortopedia en Puerto de la Cruz, Tenerife","potentialAction":[{"@type":"SearchAction","target":{"@type":"EntryPoint","urlTemplate":"https:\/\/aleupa.com\/?s={search_term_string}"},"query-input":{"@type":"PropertyValueSpecification","valueRequired":true,"valueName":"search_term_string"}}],"inLanguage":"es"}]}},"_links":{"self":[{"href":"https:\/\/aleupa.com\/index.php?rest_route=\/wp\/v2\/product\/759","targetHints":{"allow":["GET"]}}],"collection":[{"href":"https:\/\/aleupa.com\/index.php?rest_route=\/wp\/v2\/product"}],"about":[{"href":"https:\/\/aleupa.com\/index.php?rest_route=\/wp\/v2\/types\/product"}],"replies":[{"embeddable":true,"href":"https:\/\/aleupa.com\/index.php?rest_route=%2Fwp%2Fv2%2Fcomments&post=759"}],"wp:featuredmedia":[{"embeddable":true,"href":"https:\/\/aleupa.com\/index.php?rest_route=\/wp\/v2\/media\/4626"}],"wp:attachment":[{"href":"https:\/\/aleupa.com\/index.php?rest_route=%2Fwp%2Fv2%2Fmedia&parent=759"}],"wp:term":[{"taxonomy":"product_brand","embeddable":true,"href":"https:\/\/aleupa.com\/index.php?rest_route=%2Fwp%2Fv2%2Fproduct_brand&post=759"},{"taxonomy":"product_cat","embeddable":true,"href":"https:\/\/aleupa.com\/index.php?rest_route=%2Fwp%2Fv2%2Fproduct_cat&post=759"},{"taxonomy":"product_tag","embeddable":true,"href":"https:\/\/aleupa.com\/index.php?rest_route=%2Fwp%2Fv2%2Fproduct_tag&post=759"}],"curies":[{"name":"wp","href":"https:\/\/api.w.org\/{rel}","templated":true}]}}