{"id":766,"date":"2016-08-05T12:13:08","date_gmt":"2016-08-05T12:13:08","guid":{"rendered":"http:\/\/www.aleupa.com\/?post_type=product&#038;p=766"},"modified":"2020-11-11T18:19:26","modified_gmt":"2020-11-11T18:19:26","slug":"muletilla-plegable-fashion","status":"publish","type":"product","link":"https:\/\/aleupa.com\/?product=muletilla-plegable-fashion","title":{"rendered":"Muletilla plegable \u00abFashion\u00bb"},"content":{"rendered":"<p style=\"text-align: justify;\">Bast\u00f3n muletilla plegable fabricada en aluminio y disponible en 10 diferentes dise\u00f1os y colores.<\/p>\n<p style=\"text-align: justify;\">Ligero y resistente.<\/p>\n<p style=\"text-align: justify;\">Altura regulable de 83 a 92 cm mediante 5 posiciones de ajuste.<\/p>\n<p style=\"text-align: justify;\">Brazalete silenciador.<\/p>\n<p style=\"text-align: justify;\">Contera de caucho de 19 mm. de di\u00e1metro.<\/p>\n<p style=\"text-align: justify;\">Empu\u00f1adura ergon\u00f3mica en termopl\u00e1stico negro, apta para mano derecha o izquierda.<\/p>\n<p><img loading=\"lazy\" decoding=\"async\" class=\"\" src=\"https:\/\/www.ortopediasilvio.com\/img\/cms\/sat-ayudas.jpg\" alt=\"Resultado de imagen de AYUDAS DINAMICAS\" width=\"183\" height=\"69\" \/><\/p>\n","protected":false},"excerpt":{"rendered":"<p>Bast\u00f3n muletilla plegable fabricada en aluminio y disponible en 10 diferentes dise\u00f1os y colores. Ligero y resistente. Altura regulable de 83 a 92 cm mediante 5 posiciones de ajuste. Brazalete silenciador. Contera de caucho de 19 mm. de di\u00e1metro. Empu\u00f1adura ergon\u00f3mica en termopl\u00e1stico negro, apta para mano derecha o izquierda.<\/p>\n","protected":false},"featured_media":4296,"comment_status":"open","ping_status":"closed","template":"","meta":{"_et_pb_use_builder":"","_et_pb_old_content":"","_et_gb_content_width":""},"product_brand":[],"product_cat":[301],"product_tag":[142],"class_list":{"0":"post-766","1":"product","2":"type-product","3":"status-publish","4":"has-post-thumbnail","6":"product_cat-bastones","7":"product_tag-bastones","9":"first","10":"instock","11":"shipping-taxable","12":"purchasable","13":"product-type-variable"},"yoast_head":"<!-- This site is optimized with the Yoast SEO plugin v26.2 - https:\/\/yoast.com\/wordpress\/plugins\/seo\/ -->\n<title>Muletilla plegable &quot;Fashion&quot; - Ortopedia Aleupa<\/title>\n<meta name=\"robots\" content=\"index, follow, max-snippet:-1, max-image-preview:large, max-video-preview:-1\" \/>\n<link rel=\"canonical\" href=\"https:\/\/aleupa.com\/?product=muletilla-plegable-fashion\" \/>\n<meta property=\"og:locale\" content=\"es_ES\" \/>\n<meta property=\"og:type\" content=\"article\" \/>\n<meta property=\"og:title\" content=\"Muletilla plegable &quot;Fashion&quot; - Ortopedia Aleupa\" \/>\n<meta property=\"og:description\" content=\"Bast\u00f3n muletilla plegable fabricada en aluminio y disponible en 10 diferentes dise\u00f1os y colores. Ligero y resistente. Altura regulable de 83 a 92 cm mediante 5 posiciones de ajuste. Brazalete silenciador. Contera de caucho de 19 mm. de di\u00e1metro. Empu\u00f1adura ergon\u00f3mica en termopl\u00e1stico negro, apta para mano derecha o izquierda.\" \/>\n<meta property=\"og:url\" content=\"https:\/\/aleupa.com\/?product=muletilla-plegable-fashion\" \/>\n<meta property=\"og:site_name\" content=\"Ortopedia Aleupa\" \/>\n<meta property=\"article:modified_time\" content=\"2020-11-11T18:19:26+00:00\" \/>\n<meta property=\"og:image\" content=\"https:\/\/aleupa.com\/wp-content\/uploads\/2016\/08\/expositor-10-bastones-plegables-fashion-01.jpg\" \/>\n\t<meta property=\"og:image:width\" content=\"500\" \/>\n\t<meta property=\"og:image:height\" content=\"500\" \/>\n\t<meta property=\"og:image:type\" content=\"image\/jpeg\" \/>\n<meta name=\"twitter:card\" content=\"summary_large_image\" \/>\n<script type=\"application\/ld+json\" class=\"yoast-schema-graph\">{\"@context\":\"https:\/\/schema.org\",\"@graph\":[{\"@type\":\"WebPage\",\"@id\":\"https:\/\/aleupa.com\/?product=muletilla-plegable-fashion\",\"url\":\"https:\/\/aleupa.com\/?product=muletilla-plegable-fashion\",\"name\":\"Muletilla plegable \\\"Fashion\\\" - Ortopedia Aleupa\",\"isPartOf\":{\"@id\":\"https:\/\/aleupa.com\/#website\"},\"primaryImageOfPage\":{\"@id\":\"https:\/\/aleupa.com\/?product=muletilla-plegable-fashion#primaryimage\"},\"image\":{\"@id\":\"https:\/\/aleupa.com\/?product=muletilla-plegable-fashion#primaryimage\"},\"thumbnailUrl\":\"https:\/\/aleupa.com\/wp-content\/uploads\/2016\/08\/expositor-10-bastones-plegables-fashion-01.jpg\",\"datePublished\":\"2016-08-05T12:13:08+00:00\",\"dateModified\":\"2020-11-11T18:19:26+00:00\",\"breadcrumb\":{\"@id\":\"https:\/\/aleupa.com\/?product=muletilla-plegable-fashion#breadcrumb\"},\"inLanguage\":\"es\",\"potentialAction\":[{\"@type\":\"ReadAction\",\"target\":[\"https:\/\/aleupa.com\/?product=muletilla-plegable-fashion\"]}]},{\"@type\":\"ImageObject\",\"inLanguage\":\"es\",\"@id\":\"https:\/\/aleupa.com\/?product=muletilla-plegable-fashion#primaryimage\",\"url\":\"https:\/\/aleupa.com\/wp-content\/uploads\/2016\/08\/expositor-10-bastones-plegables-fashion-01.jpg\",\"contentUrl\":\"https:\/\/aleupa.com\/wp-content\/uploads\/2016\/08\/expositor-10-bastones-plegables-fashion-01.jpg\",\"width\":500,\"height\":500},{\"@type\":\"BreadcrumbList\",\"@id\":\"https:\/\/aleupa.com\/?product=muletilla-plegable-fashion#breadcrumb\",\"itemListElement\":[{\"@type\":\"ListItem\",\"position\":1,\"name\":\"Portada\",\"item\":\"https:\/\/aleupa.com\/\"},{\"@type\":\"ListItem\",\"position\":2,\"name\":\"Tienda\",\"item\":\"https:\/\/aleupa.com\/?page_id=802\"},{\"@type\":\"ListItem\",\"position\":3,\"name\":\"Muletilla plegable \u00abFashion\u00bb\"}]},{\"@type\":\"WebSite\",\"@id\":\"https:\/\/aleupa.com\/#website\",\"url\":\"https:\/\/aleupa.com\/\",\"name\":\"Ortopedia Aleupa\",\"description\":\"Ayudas a la dependencia\",\"alternateName\":\"Ortopedia en Puerto de la Cruz, Tenerife\",\"potentialAction\":[{\"@type\":\"SearchAction\",\"target\":{\"@type\":\"EntryPoint\",\"urlTemplate\":\"https:\/\/aleupa.com\/?s={search_term_string}\"},\"query-input\":{\"@type\":\"PropertyValueSpecification\",\"valueRequired\":true,\"valueName\":\"search_term_string\"}}],\"inLanguage\":\"es\"}]}<\/script>\n<!-- \/ Yoast SEO plugin. -->","yoast_head_json":{"title":"Muletilla plegable \"Fashion\" - Ortopedia Aleupa","robots":{"index":"index","follow":"follow","max-snippet":"max-snippet:-1","max-image-preview":"max-image-preview:large","max-video-preview":"max-video-preview:-1"},"canonical":"https:\/\/aleupa.com\/?product=muletilla-plegable-fashion","og_locale":"es_ES","og_type":"article","og_title":"Muletilla plegable \"Fashion\" - Ortopedia Aleupa","og_description":"Bast\u00f3n muletilla plegable fabricada en aluminio y disponible en 10 diferentes dise\u00f1os y colores. Ligero y resistente. Altura regulable de 83 a 92 cm mediante 5 posiciones de ajuste. Brazalete silenciador. Contera de caucho de 19 mm. de di\u00e1metro. Empu\u00f1adura ergon\u00f3mica en termopl\u00e1stico negro, apta para mano derecha o izquierda.","og_url":"https:\/\/aleupa.com\/?product=muletilla-plegable-fashion","og_site_name":"Ortopedia Aleupa","article_modified_time":"2020-11-11T18:19:26+00:00","og_image":[{"width":500,"height":500,"url":"https:\/\/aleupa.com\/wp-content\/uploads\/2016\/08\/expositor-10-bastones-plegables-fashion-01.jpg","type":"image\/jpeg"}],"twitter_card":"summary_large_image","schema":{"@context":"https:\/\/schema.org","@graph":[{"@type":"WebPage","@id":"https:\/\/aleupa.com\/?product=muletilla-plegable-fashion","url":"https:\/\/aleupa.com\/?product=muletilla-plegable-fashion","name":"Muletilla plegable \"Fashion\" - Ortopedia Aleupa","isPartOf":{"@id":"https:\/\/aleupa.com\/#website"},"primaryImageOfPage":{"@id":"https:\/\/aleupa.com\/?product=muletilla-plegable-fashion#primaryimage"},"image":{"@id":"https:\/\/aleupa.com\/?product=muletilla-plegable-fashion#primaryimage"},"thumbnailUrl":"https:\/\/aleupa.com\/wp-content\/uploads\/2016\/08\/expositor-10-bastones-plegables-fashion-01.jpg","datePublished":"2016-08-05T12:13:08+00:00","dateModified":"2020-11-11T18:19:26+00:00","breadcrumb":{"@id":"https:\/\/aleupa.com\/?product=muletilla-plegable-fashion#breadcrumb"},"inLanguage":"es","potentialAction":[{"@type":"ReadAction","target":["https:\/\/aleupa.com\/?product=muletilla-plegable-fashion"]}]},{"@type":"ImageObject","inLanguage":"es","@id":"https:\/\/aleupa.com\/?product=muletilla-plegable-fashion#primaryimage","url":"https:\/\/aleupa.com\/wp-content\/uploads\/2016\/08\/expositor-10-bastones-plegables-fashion-01.jpg","contentUrl":"https:\/\/aleupa.com\/wp-content\/uploads\/2016\/08\/expositor-10-bastones-plegables-fashion-01.jpg","width":500,"height":500},{"@type":"BreadcrumbList","@id":"https:\/\/aleupa.com\/?product=muletilla-plegable-fashion#breadcrumb","itemListElement":[{"@type":"ListItem","position":1,"name":"Portada","item":"https:\/\/aleupa.com\/"},{"@type":"ListItem","position":2,"name":"Tienda","item":"https:\/\/aleupa.com\/?page_id=802"},{"@type":"ListItem","position":3,"name":"Muletilla plegable \u00abFashion\u00bb"}]},{"@type":"WebSite","@id":"https:\/\/aleupa.com\/#website","url":"https:\/\/aleupa.com\/","name":"Ortopedia Aleupa","description":"Ayudas a la dependencia","alternateName":"Ortopedia en Puerto de la Cruz, Tenerife","potentialAction":[{"@type":"SearchAction","target":{"@type":"EntryPoint","urlTemplate":"https:\/\/aleupa.com\/?s={search_term_string}"},"query-input":{"@type":"PropertyValueSpecification","valueRequired":true,"valueName":"search_term_string"}}],"inLanguage":"es"}]}},"_links":{"self":[{"href":"https:\/\/aleupa.com\/index.php?rest_route=\/wp\/v2\/product\/766","targetHints":{"allow":["GET"]}}],"collection":[{"href":"https:\/\/aleupa.com\/index.php?rest_route=\/wp\/v2\/product"}],"about":[{"href":"https:\/\/aleupa.com\/index.php?rest_route=\/wp\/v2\/types\/product"}],"replies":[{"embeddable":true,"href":"https:\/\/aleupa.com\/index.php?rest_route=%2Fwp%2Fv2%2Fcomments&post=766"}],"wp:featuredmedia":[{"embeddable":true,"href":"https:\/\/aleupa.com\/index.php?rest_route=\/wp\/v2\/media\/4296"}],"wp:attachment":[{"href":"https:\/\/aleupa.com\/index.php?rest_route=%2Fwp%2Fv2%2Fmedia&parent=766"}],"wp:term":[{"taxonomy":"product_brand","embeddable":true,"href":"https:\/\/aleupa.com\/index.php?rest_route=%2Fwp%2Fv2%2Fproduct_brand&post=766"},{"taxonomy":"product_cat","embeddable":true,"href":"https:\/\/aleupa.com\/index.php?rest_route=%2Fwp%2Fv2%2Fproduct_cat&post=766"},{"taxonomy":"product_tag","embeddable":true,"href":"https:\/\/aleupa.com\/index.php?rest_route=%2Fwp%2Fv2%2Fproduct_tag&post=766"}],"curies":[{"name":"wp","href":"https:\/\/api.w.org\/{rel}","templated":true}]}}