{"id":838,"date":"2016-08-11T16:51:44","date_gmt":"2016-08-11T16:51:44","guid":{"rendered":"http:\/\/www.aleupa.com\/?post_type=product&#038;p=838"},"modified":"2020-11-11T18:19:08","modified_gmt":"2020-11-11T18:19:08","slug":"muletilla-extensible-fashion","status":"publish","type":"product","link":"https:\/\/aleupa.com\/?product=muletilla-extensible-fashion","title":{"rendered":"Muletilla extensible \u00abFashion\u00bb"},"content":{"rendered":"<p>Bast\u00f3n de aluminio muy ligero y resistente.<\/p>\n<p>Altura regulable de 77 a 100 cm.<\/p>\n<p>Brazalete silenciador.<\/p>\n<p>Disponible en 10 diferentes dise\u00f1os y colores.<\/p>\n<p>Contera de caucho de 19 mm.<\/p>\n<p>Empu\u00f1adura ergon\u00f3mica en termopl\u00e1stico negro, apta para mano derecha o izquierda.<\/p>\n<p><img loading=\"lazy\" decoding=\"async\" class=\"\" src=\"https:\/\/www.ortopediasilvio.com\/img\/cms\/sat-ayudas.jpg\" alt=\"Resultado de imagen de AYUDAS DINAMICAS\" width=\"183\" height=\"69\" \/><\/p>\n","protected":false},"excerpt":{"rendered":"<p>Muletilla extensible.<\/p>\n","protected":false},"featured_media":839,"comment_status":"open","ping_status":"closed","template":"","meta":{"_et_pb_use_builder":"","_et_pb_old_content":"","_et_gb_content_width":""},"product_brand":[],"product_cat":[301],"product_tag":[142,594,593],"class_list":{"0":"post-838","1":"product","2":"type-product","3":"status-publish","4":"has-post-thumbnail","6":"product_cat-bastones","7":"product_tag-bastones","8":"product_tag-extensible","9":"product_tag-muletilla","11":"first","12":"instock","13":"shipping-taxable","14":"purchasable","15":"product-type-variable"},"yoast_head":"<!-- This site is optimized with the Yoast SEO plugin v26.2 - https:\/\/yoast.com\/wordpress\/plugins\/seo\/ -->\n<title>Muletilla extensible &quot;Fashion&quot; - Ortopedia Aleupa<\/title>\n<meta name=\"robots\" content=\"index, follow, max-snippet:-1, max-image-preview:large, max-video-preview:-1\" \/>\n<link rel=\"canonical\" href=\"https:\/\/aleupa.com\/?product=muletilla-extensible-fashion\" \/>\n<meta property=\"og:locale\" content=\"es_ES\" \/>\n<meta property=\"og:type\" content=\"article\" \/>\n<meta property=\"og:title\" content=\"Muletilla extensible &quot;Fashion&quot; - Ortopedia Aleupa\" \/>\n<meta property=\"og:description\" content=\"Muletilla extensible.\" \/>\n<meta property=\"og:url\" content=\"https:\/\/aleupa.com\/?product=muletilla-extensible-fashion\" \/>\n<meta property=\"og:site_name\" content=\"Ortopedia Aleupa\" \/>\n<meta property=\"article:modified_time\" content=\"2020-11-11T18:19:08+00:00\" \/>\n<meta property=\"og:image\" content=\"https:\/\/aleupa.com\/wp-content\/uploads\/2016\/08\/bastones-aluminio-fashion-01-e1470933917458.jpg\" \/>\n\t<meta property=\"og:image:width\" content=\"500\" \/>\n\t<meta property=\"og:image:height\" content=\"500\" \/>\n\t<meta property=\"og:image:type\" content=\"image\/jpeg\" \/>\n<meta name=\"twitter:card\" content=\"summary_large_image\" \/>\n<script type=\"application\/ld+json\" class=\"yoast-schema-graph\">{\"@context\":\"https:\/\/schema.org\",\"@graph\":[{\"@type\":\"WebPage\",\"@id\":\"https:\/\/aleupa.com\/?product=muletilla-extensible-fashion\",\"url\":\"https:\/\/aleupa.com\/?product=muletilla-extensible-fashion\",\"name\":\"Muletilla extensible \\\"Fashion\\\" - Ortopedia Aleupa\",\"isPartOf\":{\"@id\":\"https:\/\/aleupa.com\/#website\"},\"primaryImageOfPage\":{\"@id\":\"https:\/\/aleupa.com\/?product=muletilla-extensible-fashion#primaryimage\"},\"image\":{\"@id\":\"https:\/\/aleupa.com\/?product=muletilla-extensible-fashion#primaryimage\"},\"thumbnailUrl\":\"https:\/\/aleupa.com\/wp-content\/uploads\/2016\/08\/bastones-aluminio-fashion-01-e1470933917458.jpg\",\"datePublished\":\"2016-08-11T16:51:44+00:00\",\"dateModified\":\"2020-11-11T18:19:08+00:00\",\"breadcrumb\":{\"@id\":\"https:\/\/aleupa.com\/?product=muletilla-extensible-fashion#breadcrumb\"},\"inLanguage\":\"es\",\"potentialAction\":[{\"@type\":\"ReadAction\",\"target\":[\"https:\/\/aleupa.com\/?product=muletilla-extensible-fashion\"]}]},{\"@type\":\"ImageObject\",\"inLanguage\":\"es\",\"@id\":\"https:\/\/aleupa.com\/?product=muletilla-extensible-fashion#primaryimage\",\"url\":\"https:\/\/aleupa.com\/wp-content\/uploads\/2016\/08\/bastones-aluminio-fashion-01-e1470933917458.jpg\",\"contentUrl\":\"https:\/\/aleupa.com\/wp-content\/uploads\/2016\/08\/bastones-aluminio-fashion-01-e1470933917458.jpg\",\"width\":500,\"height\":500},{\"@type\":\"BreadcrumbList\",\"@id\":\"https:\/\/aleupa.com\/?product=muletilla-extensible-fashion#breadcrumb\",\"itemListElement\":[{\"@type\":\"ListItem\",\"position\":1,\"name\":\"Portada\",\"item\":\"https:\/\/aleupa.com\/\"},{\"@type\":\"ListItem\",\"position\":2,\"name\":\"Tienda\",\"item\":\"https:\/\/aleupa.com\/?page_id=802\"},{\"@type\":\"ListItem\",\"position\":3,\"name\":\"Muletilla extensible \u00abFashion\u00bb\"}]},{\"@type\":\"WebSite\",\"@id\":\"https:\/\/aleupa.com\/#website\",\"url\":\"https:\/\/aleupa.com\/\",\"name\":\"Ortopedia Aleupa\",\"description\":\"Ayudas a la dependencia\",\"alternateName\":\"Ortopedia en Puerto de la Cruz, Tenerife\",\"potentialAction\":[{\"@type\":\"SearchAction\",\"target\":{\"@type\":\"EntryPoint\",\"urlTemplate\":\"https:\/\/aleupa.com\/?s={search_term_string}\"},\"query-input\":{\"@type\":\"PropertyValueSpecification\",\"valueRequired\":true,\"valueName\":\"search_term_string\"}}],\"inLanguage\":\"es\"}]}<\/script>\n<!-- \/ Yoast SEO plugin. -->","yoast_head_json":{"title":"Muletilla extensible \"Fashion\" - Ortopedia Aleupa","robots":{"index":"index","follow":"follow","max-snippet":"max-snippet:-1","max-image-preview":"max-image-preview:large","max-video-preview":"max-video-preview:-1"},"canonical":"https:\/\/aleupa.com\/?product=muletilla-extensible-fashion","og_locale":"es_ES","og_type":"article","og_title":"Muletilla extensible \"Fashion\" - Ortopedia Aleupa","og_description":"Muletilla extensible.","og_url":"https:\/\/aleupa.com\/?product=muletilla-extensible-fashion","og_site_name":"Ortopedia Aleupa","article_modified_time":"2020-11-11T18:19:08+00:00","og_image":[{"width":500,"height":500,"url":"https:\/\/aleupa.com\/wp-content\/uploads\/2016\/08\/bastones-aluminio-fashion-01-e1470933917458.jpg","type":"image\/jpeg"}],"twitter_card":"summary_large_image","schema":{"@context":"https:\/\/schema.org","@graph":[{"@type":"WebPage","@id":"https:\/\/aleupa.com\/?product=muletilla-extensible-fashion","url":"https:\/\/aleupa.com\/?product=muletilla-extensible-fashion","name":"Muletilla extensible \"Fashion\" - Ortopedia Aleupa","isPartOf":{"@id":"https:\/\/aleupa.com\/#website"},"primaryImageOfPage":{"@id":"https:\/\/aleupa.com\/?product=muletilla-extensible-fashion#primaryimage"},"image":{"@id":"https:\/\/aleupa.com\/?product=muletilla-extensible-fashion#primaryimage"},"thumbnailUrl":"https:\/\/aleupa.com\/wp-content\/uploads\/2016\/08\/bastones-aluminio-fashion-01-e1470933917458.jpg","datePublished":"2016-08-11T16:51:44+00:00","dateModified":"2020-11-11T18:19:08+00:00","breadcrumb":{"@id":"https:\/\/aleupa.com\/?product=muletilla-extensible-fashion#breadcrumb"},"inLanguage":"es","potentialAction":[{"@type":"ReadAction","target":["https:\/\/aleupa.com\/?product=muletilla-extensible-fashion"]}]},{"@type":"ImageObject","inLanguage":"es","@id":"https:\/\/aleupa.com\/?product=muletilla-extensible-fashion#primaryimage","url":"https:\/\/aleupa.com\/wp-content\/uploads\/2016\/08\/bastones-aluminio-fashion-01-e1470933917458.jpg","contentUrl":"https:\/\/aleupa.com\/wp-content\/uploads\/2016\/08\/bastones-aluminio-fashion-01-e1470933917458.jpg","width":500,"height":500},{"@type":"BreadcrumbList","@id":"https:\/\/aleupa.com\/?product=muletilla-extensible-fashion#breadcrumb","itemListElement":[{"@type":"ListItem","position":1,"name":"Portada","item":"https:\/\/aleupa.com\/"},{"@type":"ListItem","position":2,"name":"Tienda","item":"https:\/\/aleupa.com\/?page_id=802"},{"@type":"ListItem","position":3,"name":"Muletilla extensible \u00abFashion\u00bb"}]},{"@type":"WebSite","@id":"https:\/\/aleupa.com\/#website","url":"https:\/\/aleupa.com\/","name":"Ortopedia Aleupa","description":"Ayudas a la dependencia","alternateName":"Ortopedia en Puerto de la Cruz, Tenerife","potentialAction":[{"@type":"SearchAction","target":{"@type":"EntryPoint","urlTemplate":"https:\/\/aleupa.com\/?s={search_term_string}"},"query-input":{"@type":"PropertyValueSpecification","valueRequired":true,"valueName":"search_term_string"}}],"inLanguage":"es"}]}},"_links":{"self":[{"href":"https:\/\/aleupa.com\/index.php?rest_route=\/wp\/v2\/product\/838","targetHints":{"allow":["GET"]}}],"collection":[{"href":"https:\/\/aleupa.com\/index.php?rest_route=\/wp\/v2\/product"}],"about":[{"href":"https:\/\/aleupa.com\/index.php?rest_route=\/wp\/v2\/types\/product"}],"replies":[{"embeddable":true,"href":"https:\/\/aleupa.com\/index.php?rest_route=%2Fwp%2Fv2%2Fcomments&post=838"}],"wp:featuredmedia":[{"embeddable":true,"href":"https:\/\/aleupa.com\/index.php?rest_route=\/wp\/v2\/media\/839"}],"wp:attachment":[{"href":"https:\/\/aleupa.com\/index.php?rest_route=%2Fwp%2Fv2%2Fmedia&parent=838"}],"wp:term":[{"taxonomy":"product_brand","embeddable":true,"href":"https:\/\/aleupa.com\/index.php?rest_route=%2Fwp%2Fv2%2Fproduct_brand&post=838"},{"taxonomy":"product_cat","embeddable":true,"href":"https:\/\/aleupa.com\/index.php?rest_route=%2Fwp%2Fv2%2Fproduct_cat&post=838"},{"taxonomy":"product_tag","embeddable":true,"href":"https:\/\/aleupa.com\/index.php?rest_route=%2Fwp%2Fv2%2Fproduct_tag&post=838"}],"curies":[{"name":"wp","href":"https:\/\/api.w.org\/{rel}","templated":true}]}}